{"id":100381,"date":"2026-02-25T20:42:37","date_gmt":"2026-02-25T19:42:37","guid":{"rendered":"https:\/\/insabarcelona.com\/?page_id=100381"},"modified":"2026-02-25T20:56:25","modified_gmt":"2026-02-25T19:56:25","slug":"politica-de-cookies","status":"publish","type":"page","link":"https:\/\/insabarcelona.com\/ca\/politica-de-cookies\/","title":{"rendered":"Pol\u00edtica de Cookies"},"content":{"rendered":"<p data-start=\"0\" data-end=\"23\"><strong data-start=\"0\" data-end=\"23\">POL\u00cdTICA DE COOKIES<\/strong><\/p>\n<p data-start=\"25\" data-end=\"49\"><strong data-start=\"25\" data-end=\"49\">Qu\u00e8 s\u00f3n les cookies?<\/strong><\/p>\n<p data-start=\"51\" data-end=\"210\">Una cookie \u00e9s un petit fitxer de text que es descarrega al dispositiu de l\u2019usuari (ordinador, smartphone, tauleta, etc.) en accedir a determinades p\u00e0gines web.<\/p>\n<p data-start=\"212\" data-end=\"475\">Les cookies permeten, entre altres coses, emmagatzemar i recuperar informaci\u00f3 sobre els h\u00e0bits de navegaci\u00f3 de l\u2019usuari o del seu dispositiu i, segons la informaci\u00f3 que continguin i la manera com utilitzi el dispositiu, poden utilitzar-se per recon\u00e8ixer l\u2019usuari.<\/p>\n<p data-start=\"482\" data-end=\"534\"><strong data-start=\"482\" data-end=\"534\">Quins tipus de cookies utilitza aquest lloc web?<\/strong><\/p>\n<p data-start=\"536\" data-end=\"599\">El lloc web d\u2019INSA utilitza les seg\u00fcents categories de cookies:<\/p>\n<h3 data-start=\"601\" data-end=\"639\">a) Cookies t\u00e8cniques (necess\u00e0ries)<\/h3>\n<p data-start=\"641\" data-end=\"866\">S\u00f3n aquelles imprescindibles per al funcionament b\u00e0sic del lloc web i permeten la navegaci\u00f3 i la utilitzaci\u00f3 de les diferents opcions o serveis que hi existeixen.<br data-start=\"803\" data-end=\"806\" \/>Aquestes cookies no requereixen el consentiment de l\u2019usuari.<\/p>\n<h3 data-start=\"868\" data-end=\"908\">b) Cookies d\u2019an\u00e0lisi o de mesurament<\/h3>\n<p data-start=\"910\" data-end=\"1042\">Permeten quantificar el nombre d\u2019usuaris i realitzar el mesurament i l\u2019an\u00e0lisi estad\u00edstica de l\u2019\u00fas que fan els usuaris del lloc web.<\/p>\n<p data-start=\"1044\" data-end=\"1074\">En aquest lloc web s\u2019utilitza:<\/p>\n<p data-start=\"1076\" data-end=\"1261\"><strong data-start=\"1076\" data-end=\"1111\">Google Analytics 4 (Google LLC)<\/strong><br data-start=\"1111\" data-end=\"1114\" \/>Durada: fins a 2 anys (segons configuraci\u00f3).<br data-start=\"1158\" data-end=\"1161\" \/>Finalitat: an\u00e0lisi estad\u00edstica del tr\u00e0nsit i del comportament de navegaci\u00f3.<br data-start=\"1236\" data-end=\"1239\" \/>Cookies utilitzades:<\/p>\n<ul data-start=\"1262\" data-end=\"1296\">\n<li data-start=\"1262\" data-end=\"1269\">\n<p data-start=\"1264\" data-end=\"1269\">_ga<\/p>\n<\/li>\n<li data-start=\"1270\" data-end=\"1278\">\n<p data-start=\"1272\" data-end=\"1278\">_ga*<\/p>\n<\/li>\n<li data-start=\"1279\" data-end=\"1296\">\n<p data-start=\"1281\" data-end=\"1296\">_gid (si escau)<\/p>\n<\/li>\n<\/ul>\n<p data-start=\"1298\" data-end=\"1535\">La informaci\u00f3 recollida pot incloure l\u2019adre\u00e7a IP anonimitzada, identificadors en l\u00ednia, p\u00e0gines visitades, temps de navegaci\u00f3 i esdeveniments d\u2019interacci\u00f3.<br data-start=\"1453\" data-end=\"1456\" \/>Aquestes cookies nom\u00e9s s\u2019activen despr\u00e9s d\u2019obtenir el consentiment de l\u2019usuari.<\/p>\n<h3 data-start=\"1537\" data-end=\"1581\">c) Cookies publicit\u00e0ries o de m\u00e0rqueting<\/h3>\n<p data-start=\"1583\" data-end=\"1674\">Permeten gestionar espais publicitaris i mesurar l\u2019efic\u00e0cia de les campanyes de m\u00e0rqueting.<\/p>\n<p data-start=\"1676\" data-end=\"1707\">En aquest lloc web s\u2019utilitzen:<\/p>\n<p data-start=\"1709\" data-end=\"1812\"><strong data-start=\"1709\" data-end=\"1736\">Google Ads (Google LLC)<\/strong><br data-start=\"1736\" data-end=\"1739\" \/>Finalitat: mesurament de conversions i efic\u00e0cia publicit\u00e0ria<br data-start=\"1799\" data-end=\"1802\" \/>Cookies:<\/p>\n<ul data-start=\"1813\" data-end=\"1853\">\n<li data-start=\"1813\" data-end=\"1824\">\n<p data-start=\"1815\" data-end=\"1824\">_gcl_au<\/p>\n<\/li>\n<li data-start=\"1825\" data-end=\"1836\">\n<p data-start=\"1827\" data-end=\"1836\">_gcl_aw<\/p>\n<\/li>\n<li data-start=\"1837\" data-end=\"1853\">\n<p data-start=\"1839\" data-end=\"1853\">IDE (si escau)<\/p>\n<\/li>\n<\/ul>\n<p data-start=\"1855\" data-end=\"2017\"><strong data-start=\"1855\" data-end=\"1891\">Meta Pixel (Meta Platforms Inc.)<\/strong><br data-start=\"1891\" data-end=\"1894\" \/>Finalitat: mesurament de campanyes publicit\u00e0ries a Facebook i Instagram i creaci\u00f3 d\u2019audi\u00e8ncies personalitzades.<br data-start=\"2005\" data-end=\"2008\" \/>Cookie:<\/p>\n<ul data-start=\"2018\" data-end=\"2026\">\n<li data-start=\"2018\" data-end=\"2026\">\n<p data-start=\"2020\" data-end=\"2026\">_fbp<\/p>\n<\/li>\n<\/ul>\n<p data-start=\"2028\" data-end=\"2161\">Aquestes cookies permeten recopilar informaci\u00f3 sobre la navegaci\u00f3 de l\u2019usuari per mostrar publicitat rellevant en altres plataformes.<\/p>\n<p data-start=\"2163\" data-end=\"2227\">S\u2019activen \u00fanicament despr\u00e9s del consentiment expr\u00e9s de l\u2019usuari.<\/p>\n<p data-start=\"2234\" data-end=\"2276\"><strong data-start=\"2234\" data-end=\"2276\">Transfer\u00e8ncies internacionals de dades<\/strong><\/p>\n<p data-start=\"2278\" data-end=\"2416\">Algunes cookies s\u00f3n gestionades per tercers ubicats fora de l\u2019Espai Econ\u00f2mic Europeu (EEE), en particular Google LLC i Meta Platforms Inc.<\/p>\n<p data-start=\"2418\" data-end=\"2635\">En aquests casos, les transfer\u00e8ncies internacionals es realitzen d\u2019acord amb el Marc de Privacitat de Dades UE\u2013EUA (EU\u2013US Data Privacy Framework) o mitjan\u00e7ant les garanties adequades previstes a l\u2019article 46 del RGPD.<\/p>\n<p data-start=\"2642\" data-end=\"2697\"><strong data-start=\"2642\" data-end=\"2697\">Com pot l\u2019usuari configurar o rebutjar les cookies?<\/strong><\/p>\n<p data-start=\"2699\" data-end=\"2712\">L\u2019usuari pot:<\/p>\n<ul data-start=\"2714\" data-end=\"2844\">\n<li data-start=\"2714\" data-end=\"2745\">\n<p data-start=\"2716\" data-end=\"2745\">Acceptar totes les cookies.<\/p>\n<\/li>\n<li data-start=\"2746\" data-end=\"2792\">\n<p data-start=\"2748\" data-end=\"2792\">Rebutjar totes les cookies no necess\u00e0ries.<\/p>\n<\/li>\n<li data-start=\"2793\" data-end=\"2844\">\n<p data-start=\"2795\" data-end=\"2844\">Configurar les seves prefer\u00e8ncies per categories.<\/p>\n<\/li>\n<\/ul>\n<p data-start=\"2846\" data-end=\"3090\">Aquesta configuraci\u00f3 es pot realitzar a trav\u00e9s del panell de configuraci\u00f3 accessible des del banner de cookies o des de l\u2019enlla\u00e7 permanent de configuraci\u00f3 disponible al lloc web.<br data-start=\"3024\" data-end=\"3027\" \/>L\u2019usuari pot modificar el seu consentiment en qualsevol moment.<\/p>\n<p data-start=\"3097\" data-end=\"3139\"><strong data-start=\"3097\" data-end=\"3139\">Com eliminar cookies des del navegador<\/strong><\/p>\n<p data-start=\"3141\" data-end=\"3300\">Addicionalment, l\u2019usuari pot permetre, bloquejar o eliminar les cookies instal\u00b7lades al seu dispositiu mitjan\u00e7ant la configuraci\u00f3 de les opcions del navegador:<\/p>\n<ul data-start=\"3302\" data-end=\"3369\">\n<li data-start=\"3302\" data-end=\"3319\">\n<pre data-start=\"3304\" data-end=\"3319\">Google Chrome<\/pre>\n<\/li>\n<li data-start=\"3320\" data-end=\"3339\">\n<pre data-start=\"3322\" data-end=\"3339\">Mozilla Firefox<\/pre>\n<\/li>\n<li data-start=\"3340\" data-end=\"3350\">\n<pre data-start=\"3342\" data-end=\"3350\">Safari<\/pre>\n<\/li>\n<li data-start=\"3351\" data-end=\"3369\">\n<pre data-start=\"3353\" data-end=\"3369\">Microsoft Edge<\/pre>\n<\/li>\n<\/ul>\n<p data-start=\"3371\" data-end=\"3461\">La desactivaci\u00f3 de determinades cookies pot afectar el funcionament correcte del lloc web.<\/p>\n<p data-start=\"3468\" data-end=\"3513\"><strong data-start=\"3468\" data-end=\"3513\">Actualitzacions de la Pol\u00edtica de Cookies<\/strong><\/p>\n<p data-start=\"3515\" data-end=\"3648\">INSA pot modificar aquesta Pol\u00edtica de Cookies en funci\u00f3 d\u2019exig\u00e8ncies legislatives o t\u00e8cniques. Es recomana revisar-la peri\u00f2dicament.<\/p>\n<p data-start=\"3655\" data-end=\"3705\"><strong data-start=\"3655\" data-end=\"3705\">Informaci\u00f3 addicional sobre protecci\u00f3 de dades<\/strong><\/p>\n<p data-start=\"3707\" data-end=\"3814\" data-is-last-node=\"\" data-is-only-node=\"\">Per a m\u00e9s informaci\u00f3 sobre com tractem les dades personals, pot consultar la nostra Pol\u00edtica de Privacitat.<\/p>\n","protected":false},"excerpt":{"rendered":"<p>POL\u00cdTICA DE COOKIES Qu\u00e8 s\u00f3n les cookies? Una cookie \u00e9s un petit fitxer de text que es descarrega al dispositiu de l\u2019usuari (ordinador, smartphone, tauleta, etc.) en accedir a determinades p\u00e0gines web. Les cookies permeten, entre altres coses, emmagatzemar i recuperar informaci\u00f3 sobre els h\u00e0bits de navegaci\u00f3 de l\u2019usuari o del seu dispositiu i, segons [&hellip;]<\/p>\n","protected":false},"author":6,"featured_media":0,"parent":0,"menu_order":0,"comment_status":"closed","ping_status":"closed","template":"","meta":{"_acf_changed":false,"footnotes":""},"class_list":["post-100381","page","type-page","status-publish","hentry"],"acf":[],"_links":{"self":[{"href":"https:\/\/insabarcelona.com\/ca\/wp-json\/wp\/v2\/pages\/100381","targetHints":{"allow":["GET"]}}],"collection":[{"href":"https:\/\/insabarcelona.com\/ca\/wp-json\/wp\/v2\/pages"}],"about":[{"href":"https:\/\/insabarcelona.com\/ca\/wp-json\/wp\/v2\/types\/page"}],"author":[{"embeddable":true,"href":"https:\/\/insabarcelona.com\/ca\/wp-json\/wp\/v2\/users\/6"}],"replies":[{"embeddable":true,"href":"https:\/\/insabarcelona.com\/ca\/wp-json\/wp\/v2\/comments?post=100381"}],"version-history":[{"count":1,"href":"https:\/\/insabarcelona.com\/ca\/wp-json\/wp\/v2\/pages\/100381\/revisions"}],"predecessor-version":[{"id":100382,"href":"https:\/\/insabarcelona.com\/ca\/wp-json\/wp\/v2\/pages\/100381\/revisions\/100382"}],"wp:attachment":[{"href":"https:\/\/insabarcelona.com\/ca\/wp-json\/wp\/v2\/media?parent=100381"}],"curies":[{"name":"wp","href":"https:\/\/api.w.org\/{rel}","templated":true}]}}