{"id":68512,"date":"2024-03-22T13:27:58","date_gmt":"2024-03-22T12:27:58","guid":{"rendered":"https:\/\/insabarcelona.com\/barcelona-ciutat\/"},"modified":"2024-04-25T16:41:55","modified_gmt":"2024-04-25T14:41:55","slug":"barcelona-ciutat","status":"publish","type":"page","link":"https:\/\/insabarcelona.com\/ca\/barcelona-ciutat\/","title":{"rendered":"Barcelona Ciutat"},"content":{"rendered":"\t\t<div data-elementor-type=\"wp-page\" data-elementor-id=\"68512\" class=\"elementor elementor-68512 elementor-396\" data-elementor-post-type=\"page\">\n\t\t\t\t<div class=\"elementor-element elementor-element-c509146 e-con-full e-flex e-con e-parent\" data-id=\"c509146\" data-element_type=\"container\" data-e-type=\"container\">\n\t\t\t\t<div class=\"elementor-element elementor-element-e520c9c elementor-widget elementor-widget-image\" data-id=\"e520c9c\" data-element_type=\"widget\" data-e-type=\"widget\" data-widget_type=\"image.default\">\n\t\t\t\t<div class=\"elementor-widget-container\">\n\t\t\t\t\t\t\t\t\t\t\t\t\t\t\t<img fetchpriority=\"high\" decoding=\"async\" width=\"800\" height=\"288\" src=\"https:\/\/insabarcelona.com\/wp-content\/uploads\/banner-1024x369.jpg\" class=\"attachment-large size-large wp-image-880\" alt=\"\" srcset=\"https:\/\/insabarcelona.com\/wp-content\/uploads\/banner-1024x369.jpg 1024w, https:\/\/insabarcelona.com\/wp-content\/uploads\/banner-300x108.jpg 300w, https:\/\/insabarcelona.com\/wp-content\/uploads\/banner-768x277.jpg 768w, https:\/\/insabarcelona.com\/wp-content\/uploads\/banner-1536x554.jpg 1536w, https:\/\/insabarcelona.com\/wp-content\/uploads\/banner.jpg 1925w\" sizes=\"(max-width: 800px) 100vw, 800px\" \/>\t\t\t\t\t\t\t\t\t\t\t\t\t\t\t<\/div>\n\t\t\t\t<\/div>\n\t\t\t\t<\/div>\n\t\t<div class=\"elementor-element elementor-element-8b9d586 e-flex e-con-boxed e-con e-parent\" data-id=\"8b9d586\" data-element_type=\"container\" data-e-type=\"container\">\n\t\t\t\t\t<div class=\"e-con-inner\">\n\t\t\t\t\t<\/div>\n\t\t\t\t<\/div>\n\t\t<div class=\"elementor-element elementor-element-f6c6b4b e-flex e-con-boxed e-con e-parent\" data-id=\"f6c6b4b\" data-element_type=\"container\" data-e-type=\"container\">\n\t\t\t\t\t<div class=\"e-con-inner\">\n\t\t<div class=\"elementor-element elementor-element-6e25930 e-flex e-con-boxed e-con e-child\" data-id=\"6e25930\" data-element_type=\"container\" data-e-type=\"container\">\n\t\t\t\t\t<div class=\"e-con-inner\">\n\t\t\t\t<div class=\"elementor-element elementor-element-632c42b elementor-widget elementor-widget-heading\" data-id=\"632c42b\" data-element_type=\"widget\" data-e-type=\"widget\" data-widget_type=\"heading.default\">\n\t\t\t\t<div class=\"elementor-widget-container\">\n\t\t\t\t\t<h1 class=\"elementor-heading-title elementor-size-default\">BARCELONA CIUTAT\n<\/h1>\t\t\t\t<\/div>\n\t\t\t\t<\/div>\n\t\t\t\t<div class=\"elementor-element elementor-element-553e870 elementor-widget elementor-widget-text-editor\" data-id=\"553e870\" data-element_type=\"widget\" data-e-type=\"widget\" data-widget_type=\"text-editor.default\">\n\t\t\t\t<div class=\"elementor-widget-container\">\n\t\t\t\t\t\t\t\t\t<p>Barcelona, Ciutat Comtal, \u00e9s capital de la comunitat aut\u00f2noma de Catalunya. \u00c9s la segona ciutat m\u00e9s poblada d\u2019Espanya, i la sisena de la Uni\u00f3 Europea. Barcelona \u00e9s considerada com un referent en molts aspectes. Ciutat moderna i cultural, ha estat escollida en moltes ocasions per a la realitzaci\u00f3 de grans esdeveniments mundials, com els Jocs Ol\u00edmpics del 92 o el F\u00f2rum Universal de les Cultures 2004, sent reconeguda com \u201cCiutat global\u201d per la seva gran riquesa cultural, hist\u00f2rica i arquitect\u00f2nica , com a ciutat financera, comercial i tur\u00edstica.<\/p>\n<p>Gr\u00e0cies a la privilegiada situaci\u00f3 territorial de Barcelona, situada a la vora del mar Mediterrani, es pot gaudir d\u2019un clima c\u00e0lid i agradable durant tot l\u2019any. L\u2019olor a mar i la suau brisa, ens acompanyaran durant llargues passejades per la ciutat. La llengua oficial a Barcelona, aix\u00ed com a la resta de Catalunya, \u00e9s el catal\u00e0 Tanmateix, conviu amb el castell\u00e0.<\/p>\n<p>Una de les caracter\u00edstiques m\u00e9s emblem\u00e0tiques de la ciutat \u00e9s la seva estructura, copiada per diferents ciutats al llarg dels anys per la simplicitat i brillantor en el disseny dels carrers. Seguint l\u2019esquema propi de la ciutat, Barcelona es divideix en diferents barris, cadascun d\u2019ells amb una hist\u00f2ria i cultura pr\u00f2pia: Ciutat Vella, Eixample, Raval, Sants-Montju\u00efc, Horta-Guinard\u00f3, Les Corts, Gr\u00e0cia, Sarri\u00e0 \u2013 St Gervasi, entre d\u2019altres.<\/p>\n<p>Si caminem per <b>Ciutat Vella<\/b>, ens trobarem el barri antic de la ciutat, trepitjant s\u00f2l rom\u00e0 i jueu. La part del Raval i el G\u00f2tic ens s\u2019enamoraran amb els seus carrers estrets de pedra fosca i si baixem una mica m\u00e9s, arribarem a la Barceloneta, la platja per excel \u2022 l\u00e8ncia de Barcelona. Per\u00f2 si volem con\u00e8ixer m\u00e9s a fons Ciutat Vella no podem deixar de visitar: Pla\u00e7a Catalunya \/ Carrer Portaferrissa \/ Carrer de l\u2019\u00c0ngel \/ Carrer Pelai \/ Pla\u00e7a Reial \/ Rambla \/ Parc de la Ciutadella \/ Catedral de Barcelona \/ Esgl\u00e9sia de Santa Maria del Mar \/ Esgl\u00e9sia de Santa Maria del Pi \/ Palau G\u00fcell \/ Liceu \/ Forat de la Vergonya \/ Palau de la M\u00fasica Catalana \/ Museu d\u2019Art Contemporani de Barcelona (MACBA) \/ Centre d\u2019Art Santa M\u00f2nica \/ Platja de la Barceloneta \/ Palau de la Generalitat \/ Casa consistorial de Barcelona \/ Museu Picasso de Barcelona \/ Monument a Colom \/ Port de Barcelona \/ Zool\u00f2gic de Barcelona<\/p>\n<p>El barri de l\u00b4<b>Eixample<\/b> \u00e9s el barri m\u00e9s c\u00e8ntric de la ciutat i zona d\u2019oci. A l\u2019Eixample trobarem nombrosos punts d\u2019inter\u00e8s tur\u00edstic, tant arquitect\u00f2nic com comercials. Passeig de Gr\u00e0cia, la <a href=\"http:\/\/es.wikipedia.org\/wiki\/Bas%C3%ADlica_de_la_Sagrada_Familia\" target=\"_blank\" rel=\"noopener\"> Bas\u00edlica de la Sagrada Familia<\/a>, la <a href=\"http:\/\/es.wikipedia.org\/wiki\/Casa_Mil%C3%A0\" target=\"_blank\" rel=\"noopener\">Casa Mil\u00e0<\/a>, la <a href=\"http:\/\/es.wikipedia.org\/wiki\/Casa_Batll%C3%B3\" target=\"_blank\" rel=\"noopener\">Casa Batll\u00f3<\/a>, el <a href=\"http:\/\/es.wikipedia.org\/wiki\/Teatro_Nacional_de_Catalu%C3%B1a\" target=\"_blank\" rel=\"noopener\">Teatre Nacional de Catalu\u00f1a<\/a>, el <a href=\"http:\/\/es.wikipedia.org\/wiki\/Auditorio_de_Barcelona\" target=\"_blank\" rel=\"noopener\">Auditori de Barcelona<\/a>, la <a href=\"http:\/\/es.wikipedia.org\/wiki\/Plaza_de_toros_Monumental\" target=\"_blank\" rel=\"noopener\">Pla\u00e7a de toros Monumental<\/a>, la <a href=\"http:\/\/es.wikipedia.org\/wiki\/Casa_de_les_Punxes\" target=\"_blank\" rel=\"noopener\">Casa de les Punxes<\/a>, i numerosos cinemes, teatres, restaurants, hotels\u2026<\/p>\n<p>Al barri de <strong>Sants-Montjuic <\/strong> es troba l\u2019Estaci\u00f3 de trens de Sants, una de les principals de la ciutat. Trens de llarga dist\u00e0ncia i rodalies que comuniquen Barcelona amb la resta de ciutats de Catalunya i la resta d\u2019Espanya. A m\u00e9s, al barri de Sants-Montju\u00efc, ens trobem amb la fascinant pla\u00e7a d\u2019Espanya i les fonts de Montju\u00efc, la zona ol\u00edmpica, diversos museus i teatres i \u00e9s el barri on es poden obtenir una de les millors vistes de la ciutat.<\/p>\n<p>Continuem la nostra visita de la ciutat pel barri de <strong>Les Corts<\/strong>. Gr\u00e0cies a la barreja d\u2019edificis antics i moderns, fan que aquest barri, amb car\u00e0cter propi, destaqui pel disseny dels seus edificis, les seves zones per passejar i per ser on est\u00e0 ubicat el camp de futbol del Futbol Club Barcelona.<\/p>\n<p>El barri de <strong>Sarri\u00e0- Sant Gervasi<\/strong>, es caracteritza per ser una zona residencial amb restaurants i petits comer\u00e7os d\u2019aliments de qualitat, aix\u00ed com per tenir el seu eix comercial principal de vianants, per poder passejar i comprar sense complicacions.<\/p>\n<p>Al barri de <strong>Gracia<\/strong> trobem el Parc G\u00fcell, sens dubte, l\u2019obra amb major atractiu cultural i tur\u00edstic de Gaud\u00ed. Gr\u00e0cies als carrers plens de bars, restaurants, comer\u00e7os \u2026 fan d\u2019aquest barri el m\u00e9s animat de la ciutat.<\/p>\n<p>El barri d\u2019<strong>Horta-Guinard\u00f3<\/strong> est\u00e0 molt condicionat per la seva variada topografia El fet d\u2019estar a prop de la serra de Collserola, la vall d\u2019Hebron o la riera d\u2019Horta, han condicionat l\u2019estructura d\u2019aquest caracter\u00edstic barri. Juntament amb el El Barri de <strong>Sant Andreu<\/strong> i el barri de <strong>Sant Mart\u00ed<\/strong>, s\u00f3n considerats com els barris m\u00e9s industrials de la ciutat.<\/p>\n<p>El barri del <strong>22@<\/strong>, a Ploble Nou, sorgeix l\u2019any <a href=\"http:\/\/es.wikipedia.org\/wiki\/2000\" target=\"_blank\" rel=\"noopener\">2000<\/a> com una iniciativa de l\u2019Ajuntament de Barcelona per transformar 200 hect\u00e0rees de s\u00f2l industrial en s\u00f2l habitable on s\u2019ubiquen les principals empreses digitals i tecnol\u00f2giques de la ciutat.<\/p>\n\t\t\t\t\t\t\t\t<\/div>\n\t\t\t\t<\/div>\n\t\t\t\t\t<\/div>\n\t\t\t\t<\/div>\n\t\t\t\t\t<\/div>\n\t\t\t\t<\/div>\n\t\t<div class=\"elementor-element elementor-element-016a710 e-flex e-con-boxed e-con e-parent\" data-id=\"016a710\" data-element_type=\"container\" data-e-type=\"container\">\n\t\t\t\t\t<div class=\"e-con-inner\">\n\t\t<div class=\"elementor-element elementor-element-616562b e-con-full e-flex e-con e-child\" data-id=\"616562b\" data-element_type=\"container\" data-e-type=\"container\">\n\t\t\t\t<div class=\"elementor-element elementor-element-06bd455 elementor-widget elementor-widget-heading\" data-id=\"06bd455\" data-element_type=\"widget\" data-e-type=\"widget\" data-widget_type=\"heading.default\">\n\t\t\t\t<div class=\"elementor-widget-container\">\n\t\t\t\t\t<h2 class=\"elementor-heading-title elementor-size-default\">Informaci\u00f3 local de Barcelona<\/h2>\t\t\t\t<\/div>\n\t\t\t\t<\/div>\n\t\t\t\t<div class=\"elementor-element elementor-element-55ac6d3 elementor-icon-list--layout-traditional elementor-list-item-link-full_width elementor-widget elementor-widget-icon-list\" data-id=\"55ac6d3\" data-element_type=\"widget\" data-e-type=\"widget\" data-widget_type=\"icon-list.default\">\n\t\t\t\t<div class=\"elementor-widget-container\">\n\t\t\t\t\t\t\t<ul class=\"elementor-icon-list-items\">\n\t\t\t\t\t\t\t<li class=\"elementor-icon-list-item\">\n\t\t\t\t\t\t\t\t\t\t\t<a href=\"http:\/\/www.bcn.cat\/es\" target=\"_blank\" rel=\"nofollow noopener\">\n\n\t\t\t\t\t\t\t\t\t\t\t<span class=\"elementor-icon-list-text\">Ajuntament de Barcelona: <span class=\"urls-bcn\">www.bcn.cat\/es<\/span><\/span>\n\t\t\t\t\t\t\t\t\t\t\t<\/a>\n\t\t\t\t\t\t\t\t\t<\/li>\n\t\t\t\t\t\t\t\t<li class=\"elementor-icon-list-item\">\n\t\t\t\t\t\t\t\t\t\t\t<a href=\"http:\/\/www.barcelonaturisme.com\" target=\"_blank\" rel=\"nofollow noopener\">\n\n\t\t\t\t\t\t\t\t\t\t\t<span class=\"elementor-icon-list-text\">Turisme de Barcelona: <span class=\"urls-bcn\"> www.barcelonaturisme.com<\/span><\/span>\n\t\t\t\t\t\t\t\t\t\t\t<\/a>\n\t\t\t\t\t\t\t\t\t<\/li>\n\t\t\t\t\t\t\t\t<li class=\"elementor-icon-list-item\">\n\t\t\t\t\t\t\t\t\t\t\t<a href=\"http:\/\/www.gencat.net\" target=\"_blank\" rel=\"nofollow noopener\">\n\n\t\t\t\t\t\t\t\t\t\t\t<span class=\"elementor-icon-list-text\">Generalitat de Catalunya: <span class=\"urls-bcn\">www.gencat.net<\/span><\/span>\n\t\t\t\t\t\t\t\t\t\t\t<\/a>\n\t\t\t\t\t\t\t\t\t<\/li>\n\t\t\t\t\t\t\t\t<li class=\"elementor-icon-list-item\">\n\t\t\t\t\t\t\t\t\t\t\t<a href=\"http:\/\/www.fgc.net\" target=\"_blank\" rel=\"nofollow noopener\">\n\n\t\t\t\t\t\t\t\t\t\t\t<span class=\"elementor-icon-list-text\">Ferrocarrils de la Generalitat de Catalunya: <span class=\"urls-bcn\">www.fgc.net<\/span><\/span>\n\t\t\t\t\t\t\t\t\t\t\t<\/a>\n\t\t\t\t\t\t\t\t\t<\/li>\n\t\t\t\t\t\t\t\t<li class=\"elementor-icon-list-item\">\n\t\t\t\t\t\t\t\t\t\t\t<a href=\"http:\/\/www.tmb.net\" target=\"_blank\" rel=\"nofollow noopener\">\n\n\t\t\t\t\t\t\t\t\t\t\t<span class=\"elementor-icon-list-text\">Transport P\u00fablic BCN: <span class=\"urls-bcn\">www.tmb.net<\/span><\/span>\n\t\t\t\t\t\t\t\t\t\t\t<\/a>\n\t\t\t\t\t\t\t\t\t<\/li>\n\t\t\t\t\t\t\t\t<li class=\"elementor-icon-list-item\">\n\t\t\t\t\t\t\t\t\t\t\t<a href=\"http:\/\/www.renfe.es\" target=\"_blank\" rel=\"nofollow noopener\">\n\n\t\t\t\t\t\t\t\t\t\t\t<span class=\"elementor-icon-list-text\">Oficina d\u2019informaci\u00f3 Renfe: <span class=\"urls-bcn\">www.renfe.es<\/span><\/span>\n\t\t\t\t\t\t\t\t\t\t\t<\/a>\n\t\t\t\t\t\t\t\t\t<\/li>\n\t\t\t\t\t\t\t\t<li class=\"elementor-icon-list-item\">\n\t\t\t\t\t\t\t\t\t\t\t<a href=\"http:\/\/www.inm.es\" target=\"_blank\" rel=\"nofollow noopener\">\n\n\t\t\t\t\t\t\t\t\t\t\t<span class=\"elementor-icon-list-text\">Metereolog\u00eda: <span class=\"urls-bcn\">www.inm.es<\/span><\/span>\n\t\t\t\t\t\t\t\t\t\t\t<\/a>\n\t\t\t\t\t\t\t\t\t<\/li>\n\t\t\t\t\t\t\t\t<li class=\"elementor-icon-list-item\">\n\t\t\t\t\t\t\t\t\t\t\t<a href=\"http:\/\/www.citylifebarcelona.com\" target=\"_blank\" rel=\"nofollow noopener\">\n\n\t\t\t\t\t\t\t\t\t\t\t<span class=\"elementor-icon-list-text\">Citylife Barcelona: <span class=\"urls-bcn\">www.citylifebarcelona.com<\/span><\/span>\n\t\t\t\t\t\t\t\t\t\t\t<\/a>\n\t\t\t\t\t\t\t\t\t<\/li>\n\t\t\t\t\t\t\t\t<li class=\"elementor-icon-list-item\">\n\t\t\t\t\t\t\t\t\t\t\t<a href=\"http:\/\/www.tujuca.com\" target=\"_blank\" rel=\"nofollow noopener\">\n\n\t\t\t\t\t\t\t\t\t\t\t<span class=\"elementor-icon-list-text\">Turisme juvenil de Catalunya: <span class=\"urls-bcn\">www.tujuca.com<\/span><\/span>\n\t\t\t\t\t\t\t\t\t\t\t<\/a>\n\t\t\t\t\t\t\t\t\t<\/li>\n\t\t\t\t\t\t\t\t<li class=\"elementor-icon-list-item\">\n\t\t\t\t\t\t\t\t\t\t\t<a href=\"http:\/\/www.aena.es\" target=\"_blank\" rel=\"nofollow noopener\">\n\n\t\t\t\t\t\t\t\t\t\t\t<span class=\"elementor-icon-list-text\">Aeroport de Barcelona: <span class=\"urls-bcn\">www.aena.es<\/span><\/span>\n\t\t\t\t\t\t\t\t\t\t\t<\/a>\n\t\t\t\t\t\t\t\t\t<\/li>\n\t\t\t\t\t\t\t\t<li class=\"elementor-icon-list-item\">\n\t\t\t\t\t\t\t\t\t\t\t<a href=\"http:\/\/www.habitatgejove.com\" target=\"_blank\" rel=\"nofollow noopener\">\n\n\t\t\t\t\t\t\t\t\t\t\t<span class=\"elementor-icon-list-text\">Informaci\u00f3 habitatge: <span class=\"urls-bcn\">www.habitatgejove.com<\/span><\/span>\n\t\t\t\t\t\t\t\t\t\t\t<\/a>\n\t\t\t\t\t\t\t\t\t<\/li>\n\t\t\t\t\t\t<\/ul>\n\t\t\t\t\t\t<\/div>\n\t\t\t\t<\/div>\n\t\t\t\t<\/div>\n\t\t<div class=\"elementor-element elementor-element-f360cff e-con-full e-flex e-con e-child\" data-id=\"f360cff\" data-element_type=\"container\" data-e-type=\"container\">\n\t\t\t\t<div class=\"elementor-element elementor-element-44fa7f3 elementor-widget elementor-widget-google_maps\" data-id=\"44fa7f3\" data-element_type=\"widget\" data-e-type=\"widget\" data-widget_type=\"google_maps.default\">\n\t\t\t\t<div class=\"elementor-widget-container\">\n\t\t\t\t\t\t\t<div class=\"elementor-custom-embed\">\n\t\t\t<iframe loading=\"lazy\"\n\t\t\t\t\tsrc=\"https:\/\/maps.google.com\/maps?q=Barcelona&#038;t=m&#038;z=10&#038;output=embed&#038;iwloc=near\"\n\t\t\t\t\ttitle=\"Barcelona\"\n\t\t\t\t\taria-label=\"Barcelona\"\n\t\t\t><\/iframe>\n\t\t<\/div>\n\t\t\t\t\t\t<\/div>\n\t\t\t\t<\/div>\n\t\t\t\t<\/div>\n\t\t\t\t\t<\/div>\n\t\t\t\t<\/div>\n\t\t\t\t<\/div>\n\t\t","protected":false},"excerpt":{"rendered":"<p>BARCELONA CIUTAT Barcelona, Ciutat Comtal, \u00e9s capital de la comunitat aut\u00f2noma de Catalunya. \u00c9s la segona ciutat m\u00e9s poblada d\u2019Espanya, i la sisena de la Uni\u00f3 Europea. Barcelona \u00e9s considerada com un referent en molts aspectes. Ciutat moderna i cultural, ha estat escollida en moltes ocasions per a la realitzaci\u00f3 de grans esdeveniments mundials, com [&hellip;]<\/p>\n","protected":false},"author":1,"featured_media":0,"parent":0,"menu_order":0,"comment_status":"closed","ping_status":"closed","template":"","meta":{"_acf_changed":false,"footnotes":""},"class_list":["post-68512","page","type-page","status-publish","hentry"],"acf":[],"_links":{"self":[{"href":"https:\/\/insabarcelona.com\/ca\/wp-json\/wp\/v2\/pages\/68512","targetHints":{"allow":["GET"]}}],"collection":[{"href":"https:\/\/insabarcelona.com\/ca\/wp-json\/wp\/v2\/pages"}],"about":[{"href":"https:\/\/insabarcelona.com\/ca\/wp-json\/wp\/v2\/types\/page"}],"author":[{"embeddable":true,"href":"https:\/\/insabarcelona.com\/ca\/wp-json\/wp\/v2\/users\/1"}],"replies":[{"embeddable":true,"href":"https:\/\/insabarcelona.com\/ca\/wp-json\/wp\/v2\/comments?post=68512"}],"version-history":[{"count":0,"href":"https:\/\/insabarcelona.com\/ca\/wp-json\/wp\/v2\/pages\/68512\/revisions"}],"wp:attachment":[{"href":"https:\/\/insabarcelona.com\/ca\/wp-json\/wp\/v2\/media?parent=68512"}],"curies":[{"name":"wp","href":"https:\/\/api.w.org\/{rel}","templated":true}]}}