{"id":68514,"date":"2024-03-25T15:14:41","date_gmt":"2024-03-25T14:14:41","guid":{"rendered":"https:\/\/insabarcelona.com\/borsa-de-treball-i-practiques\/"},"modified":"2024-04-25T16:43:39","modified_gmt":"2024-04-25T14:43:39","slug":"borsa-de-treball-i-practiques","status":"publish","type":"page","link":"https:\/\/insabarcelona.com\/ca\/borsa-de-treball-i-practiques\/","title":{"rendered":"Borsa de Treball i Pr\u00e0ctiques"},"content":{"rendered":"\t\t<div data-elementor-type=\"wp-page\" data-elementor-id=\"68514\" class=\"elementor elementor-68514 elementor-515\" data-elementor-post-type=\"page\">\n\t\t\t\t<div class=\"elementor-element elementor-element-c509146 e-con-full e-flex e-con e-parent\" data-id=\"c509146\" data-element_type=\"container\" data-e-type=\"container\">\n\t\t\t\t<div class=\"elementor-element elementor-element-e520c9c elementor-widget elementor-widget-image\" data-id=\"e520c9c\" data-element_type=\"widget\" data-e-type=\"widget\" data-widget_type=\"image.default\">\n\t\t\t\t<div class=\"elementor-widget-container\">\n\t\t\t\t\t\t\t\t\t\t\t\t\t\t\t<img fetchpriority=\"high\" decoding=\"async\" width=\"800\" height=\"288\" src=\"https:\/\/insabarcelona.com\/wp-content\/uploads\/banner-1024x369.jpg\" class=\"attachment-large size-large wp-image-880\" alt=\"\" srcset=\"https:\/\/insabarcelona.com\/wp-content\/uploads\/banner-1024x369.jpg 1024w, https:\/\/insabarcelona.com\/wp-content\/uploads\/banner-300x108.jpg 300w, https:\/\/insabarcelona.com\/wp-content\/uploads\/banner-768x277.jpg 768w, https:\/\/insabarcelona.com\/wp-content\/uploads\/banner-1536x554.jpg 1536w, https:\/\/insabarcelona.com\/wp-content\/uploads\/banner.jpg 1925w\" sizes=\"(max-width: 800px) 100vw, 800px\" \/>\t\t\t\t\t\t\t\t\t\t\t\t\t\t\t<\/div>\n\t\t\t\t<\/div>\n\t\t\t\t<\/div>\n\t\t<div class=\"elementor-element elementor-element-0b775ff e-flex e-con-boxed e-con e-parent\" data-id=\"0b775ff\" data-element_type=\"container\" data-e-type=\"container\">\n\t\t\t\t\t<div class=\"e-con-inner\">\n\t\t\t\t\t<\/div>\n\t\t\t\t<\/div>\n\t\t<div class=\"elementor-element elementor-element-f6c6b4b e-flex e-con-boxed e-con e-parent\" data-id=\"f6c6b4b\" data-element_type=\"container\" data-e-type=\"container\">\n\t\t\t\t\t<div class=\"e-con-inner\">\n\t\t<div class=\"elementor-element elementor-element-1016ef3 e-flex e-con-boxed e-con e-child\" data-id=\"1016ef3\" data-element_type=\"container\" data-e-type=\"container\">\n\t\t\t\t\t<div class=\"e-con-inner\">\n\t\t\t\t<div class=\"elementor-element elementor-element-632c42b elementor-widget elementor-widget-heading\" data-id=\"632c42b\" data-element_type=\"widget\" data-e-type=\"widget\" data-widget_type=\"heading.default\">\n\t\t\t\t<div class=\"elementor-widget-container\">\n\t\t\t\t\t<h2 class=\"elementor-heading-title elementor-size-default\">BORSA DE TREBALL I PR\u00c0CTIQUES\n<\/h2>\t\t\t\t<\/div>\n\t\t\t\t<\/div>\n\t\t\t\t\t<\/div>\n\t\t\t\t<\/div>\n\t\t\t\t\t<\/div>\n\t\t\t\t<\/div>\n\t\t<div class=\"elementor-element elementor-element-016a710 e-flex e-con-boxed e-con e-parent\" data-id=\"016a710\" data-element_type=\"container\" data-e-type=\"container\">\n\t\t\t\t\t<div class=\"e-con-inner\">\n\t\t<div class=\"elementor-element elementor-element-616562b e-con-full e-flex e-con e-child\" data-id=\"616562b\" data-element_type=\"container\" data-e-type=\"container\">\n\t\t\t\t<div class=\"elementor-element elementor-element-df4338d elementor-widget elementor-widget-text-editor\" data-id=\"df4338d\" data-element_type=\"widget\" data-e-type=\"widget\" data-widget_type=\"text-editor.default\">\n\t\t\t\t<div class=\"elementor-widget-container\">\n\t\t\t\t\t\t\t\t\t<p>Una de les principals variables que defineixen INSA \u00e9s la seva formaci\u00f3 pr\u00e0ctica i el contacte directe amb les empreses i un dels principals canals de comunicaci\u00f3 amb les empreses \u00e9s a trav\u00e9s de la Borsa de Treball i Pr\u00e0ctiques d\u2019INSA. L\u2019\u00faltim any m\u00e9s de 100 empreses s\u2019han posat en contacte amb nosaltres per oferir llocs de treball i pr\u00e0ctiques als nostres alumnes i exalumnes a trav\u00e9s del nostre servei de Borsa de Treball i Pr\u00e0ctiques.<\/p>\n<p>El nostre objectiu \u00e9s con\u00e8ixer les necessitats de les empreses amb les ofertes que ens fan arribar per a l\u2019actualitzaci\u00f3 constant dels nostres cursos i donar l\u2019oportunitat als nostres alumnes de posar en pr\u00e0ctica els seus coneixements, adquirir nous h\u00e0bits i habilitats i inserir-se al m\u00f3n laboral o millorar professionalment.<\/p>\n<p>Per a aix\u00f2, utilitzem la Intranet de la Borsa de Treball, on l\u2019alumne podr\u00e0 veure totes les ofertes disponibles i inscriure\u2019s en aquelles que siguin del seu inter\u00e8s. A m\u00e9s, trobar\u00e0 consells \u00fatils per redactar un bon curr\u00edculum i altres documents d\u2019inter\u00e8s.<\/p>\n<p>Per accedir a la nostra Borsa de Treball i Pr\u00e0ctiques has de ser alumne o exalumne d\u2019INSA i sol\u2022licitar la teva alta enviant un e-mail, adjuntant el teu Curr\u00edculum actualitzat, a <a href=\"mailto:bolsatrabajo@insabarcelona.com\">bolsatrabajo@insabarcelona.com<\/a><\/p>\n\t\t\t\t\t\t\t\t<\/div>\n\t\t\t\t<\/div>\n\t\t\t\t<\/div>\n\t\t<div class=\"elementor-element elementor-element-f360cff e-con-full e-flex e-con e-child\" data-id=\"f360cff\" data-element_type=\"container\" data-e-type=\"container\">\n\t\t\t\t<div class=\"elementor-element elementor-element-96977c9 elementor-widget elementor-widget-image\" data-id=\"96977c9\" data-element_type=\"widget\" data-e-type=\"widget\" data-widget_type=\"image.default\">\n\t\t\t\t<div class=\"elementor-widget-container\">\n\t\t\t\t\t\t\t\t\t\t\t\t\t\t\t<img decoding=\"async\" width=\"800\" height=\"534\" src=\"https:\/\/insabarcelona.com\/wp-content\/uploads\/job-placement-1024x683-1.jpg\" class=\"attachment-large size-large wp-image-914\" alt=\"\" srcset=\"https:\/\/insabarcelona.com\/wp-content\/uploads\/job-placement-1024x683-1.jpg 1024w, https:\/\/insabarcelona.com\/wp-content\/uploads\/job-placement-1024x683-1-300x200.jpg 300w, https:\/\/insabarcelona.com\/wp-content\/uploads\/job-placement-1024x683-1-768x512.jpg 768w\" sizes=\"(max-width: 800px) 100vw, 800px\" \/>\t\t\t\t\t\t\t\t\t\t\t\t\t\t\t<\/div>\n\t\t\t\t<\/div>\n\t\t\t\t<\/div>\n\t\t\t\t\t<\/div>\n\t\t\t\t<\/div>\n\t\t\t\t<\/div>\n\t\t","protected":false},"excerpt":{"rendered":"<p>BORSA DE TREBALL I PR\u00c0CTIQUES Una de les principals variables que defineixen INSA \u00e9s la seva formaci\u00f3 pr\u00e0ctica i el contacte directe amb les empreses i un dels principals canals de comunicaci\u00f3 amb les empreses \u00e9s a trav\u00e9s de la Borsa de Treball i Pr\u00e0ctiques d\u2019INSA. L\u2019\u00faltim any m\u00e9s de 100 empreses s\u2019han posat en [&hellip;]<\/p>\n","protected":false},"author":1,"featured_media":0,"parent":0,"menu_order":0,"comment_status":"closed","ping_status":"closed","template":"","meta":{"_acf_changed":false,"footnotes":""},"class_list":["post-68514","page","type-page","status-publish","hentry"],"acf":[],"_links":{"self":[{"href":"https:\/\/insabarcelona.com\/ca\/wp-json\/wp\/v2\/pages\/68514","targetHints":{"allow":["GET"]}}],"collection":[{"href":"https:\/\/insabarcelona.com\/ca\/wp-json\/wp\/v2\/pages"}],"about":[{"href":"https:\/\/insabarcelona.com\/ca\/wp-json\/wp\/v2\/types\/page"}],"author":[{"embeddable":true,"href":"https:\/\/insabarcelona.com\/ca\/wp-json\/wp\/v2\/users\/1"}],"replies":[{"embeddable":true,"href":"https:\/\/insabarcelona.com\/ca\/wp-json\/wp\/v2\/comments?post=68514"}],"version-history":[{"count":0,"href":"https:\/\/insabarcelona.com\/ca\/wp-json\/wp\/v2\/pages\/68514\/revisions"}],"wp:attachment":[{"href":"https:\/\/insabarcelona.com\/ca\/wp-json\/wp\/v2\/media?parent=68514"}],"curies":[{"name":"wp","href":"https:\/\/api.w.org\/{rel}","templated":true}]}}