{"id":68522,"date":"2024-03-25T16:04:13","date_gmt":"2024-03-25T15:04:13","guid":{"rendered":"https:\/\/insabarcelona.com\/idiomes\/"},"modified":"2024-04-25T16:55:19","modified_gmt":"2024-04-25T14:55:19","slug":"idiomes","status":"publish","type":"page","link":"https:\/\/insabarcelona.com\/ca\/idiomes\/","title":{"rendered":"Idiomes"},"content":{"rendered":"\t\t<div data-elementor-type=\"wp-page\" data-elementor-id=\"68522\" class=\"elementor elementor-68522 elementor-599\" data-elementor-post-type=\"page\">\n\t\t\t\t<div class=\"elementor-element elementor-element-c509146 e-con-full e-flex e-con e-parent\" data-id=\"c509146\" data-element_type=\"container\" data-e-type=\"container\">\n\t\t\t\t<div class=\"elementor-element elementor-element-e520c9c elementor-widget elementor-widget-image\" data-id=\"e520c9c\" data-element_type=\"widget\" data-e-type=\"widget\" data-widget_type=\"image.default\">\n\t\t\t\t<div class=\"elementor-widget-container\">\n\t\t\t\t\t\t\t\t\t\t\t\t\t\t\t<img fetchpriority=\"high\" decoding=\"async\" width=\"800\" height=\"288\" src=\"https:\/\/insabarcelona.com\/wp-content\/uploads\/banner-1024x369.jpg\" class=\"attachment-large size-large wp-image-880\" alt=\"\" srcset=\"https:\/\/insabarcelona.com\/wp-content\/uploads\/banner-1024x369.jpg 1024w, https:\/\/insabarcelona.com\/wp-content\/uploads\/banner-300x108.jpg 300w, https:\/\/insabarcelona.com\/wp-content\/uploads\/banner-768x277.jpg 768w, https:\/\/insabarcelona.com\/wp-content\/uploads\/banner-1536x554.jpg 1536w, https:\/\/insabarcelona.com\/wp-content\/uploads\/banner.jpg 1925w\" sizes=\"(max-width: 800px) 100vw, 800px\" \/>\t\t\t\t\t\t\t\t\t\t\t\t\t\t\t<\/div>\n\t\t\t\t<\/div>\n\t\t\t\t<\/div>\n\t\t<div class=\"elementor-element elementor-element-8b9d586 e-flex e-con-boxed e-con e-parent\" data-id=\"8b9d586\" data-element_type=\"container\" data-e-type=\"container\">\n\t\t\t\t\t<div class=\"e-con-inner\">\n\t\t\t\t\t<\/div>\n\t\t\t\t<\/div>\n\t\t<div class=\"elementor-element elementor-element-f6c6b4b e-flex e-con-boxed e-con e-parent\" data-id=\"f6c6b4b\" data-element_type=\"container\" data-e-type=\"container\">\n\t\t\t\t\t<div class=\"e-con-inner\">\n\t\t<div class=\"elementor-element elementor-element-6e25930 e-flex e-con-boxed e-con e-child\" data-id=\"6e25930\" data-element_type=\"container\" data-e-type=\"container\">\n\t\t\t\t\t<div class=\"e-con-inner\">\n\t\t\t\t<div class=\"elementor-element elementor-element-632c42b elementor-widget elementor-widget-heading\" data-id=\"632c42b\" data-element_type=\"widget\" data-e-type=\"widget\" data-widget_type=\"heading.default\">\n\t\t\t\t<div class=\"elementor-widget-container\">\n\t\t\t\t\t<h1 class=\"elementor-heading-title elementor-size-default\">Idiomes<\/h1>\t\t\t\t<\/div>\n\t\t\t\t<\/div>\n\t\t\t\t<div class=\"elementor-element elementor-element-553e870 elementor-widget elementor-widget-text-editor\" data-id=\"553e870\" data-element_type=\"widget\" data-e-type=\"widget\" data-widget_type=\"text-editor.default\">\n\t\t\t\t<div class=\"elementor-widget-container\">\n\t\t\t\t\t\t\t\t\t<p>El Departament d\u2019Idiomes d\u2019INSA ofereix als nostres alumnes la possibilitat de realitzar cursos intensius per tal que tots aquells alumnes que ho desitgin puguin seguir els programes sense cap tipus de problema. La metodologia d\u2019aquests cursos es basa en grups redu\u00efts que afavoreixen l\u2019aprenentatge i amb nivells diferents segons les necessitats de cada alumne.<\/p>\n\t\t\t\t\t\t\t\t<\/div>\n\t\t\t\t<\/div>\n\t\t\t\t\t<\/div>\n\t\t\t\t<\/div>\n\t\t\t\t\t<\/div>\n\t\t\t\t<\/div>\n\t\t<div class=\"elementor-element elementor-element-016a710 e-flex e-con-boxed e-con e-parent\" data-id=\"016a710\" data-element_type=\"container\" data-e-type=\"container\">\n\t\t\t\t\t<div class=\"e-con-inner\">\n\t\t<div class=\"elementor-element elementor-element-616562b e-con-full e-flex e-con e-child\" data-id=\"616562b\" data-element_type=\"container\" data-e-type=\"container\">\n\t\t\t\t<div class=\"elementor-element elementor-element-e9463a6 elementor-widget elementor-widget-image\" data-id=\"e9463a6\" data-element_type=\"widget\" data-e-type=\"widget\" data-widget_type=\"image.default\">\n\t\t\t\t<div class=\"elementor-widget-container\">\n\t\t\t\t\t\t\t\t\t\t\t\t\t\t\t<img decoding=\"async\" width=\"800\" height=\"534\" src=\"https:\/\/insabarcelona.com\/wp-content\/uploads\/BACHELORS-2-1024x683-1.jpg\" class=\"attachment-large size-large wp-image-918\" alt=\"\" srcset=\"https:\/\/insabarcelona.com\/wp-content\/uploads\/BACHELORS-2-1024x683-1.jpg 1024w, https:\/\/insabarcelona.com\/wp-content\/uploads\/BACHELORS-2-1024x683-1-300x200.jpg 300w, https:\/\/insabarcelona.com\/wp-content\/uploads\/BACHELORS-2-1024x683-1-768x512.jpg 768w\" sizes=\"(max-width: 800px) 100vw, 800px\" \/>\t\t\t\t\t\t\t\t\t\t\t\t\t\t\t<\/div>\n\t\t\t\t<\/div>\n\t\t\t\t<div class=\"elementor-element elementor-element-4feb61c elementor-widget elementor-widget-text-editor\" data-id=\"4feb61c\" data-element_type=\"widget\" data-e-type=\"widget\" data-widget_type=\"text-editor.default\">\n\t\t\t\t<div class=\"elementor-widget-container\">\n\t\t\t\t\t\t\t\t\t<p><strong>CURSOS D\u2019ESPANYOL:<\/strong> Si ets un alumne estranger i vols millorar el teu espanyol per poder seguir les classes sense dificultat, aquest \u00e9s el teu curs!<\/p>\n\t\t\t\t\t\t\t\t<\/div>\n\t\t\t\t<\/div>\n\t\t\t\t<\/div>\n\t\t<div class=\"elementor-element elementor-element-042f0bf e-con-full e-flex e-con e-child\" data-id=\"042f0bf\" data-element_type=\"container\" data-e-type=\"container\">\n\t\t\t\t<div class=\"elementor-element elementor-element-6c0373d elementor-widget elementor-widget-image\" data-id=\"6c0373d\" data-element_type=\"widget\" data-e-type=\"widget\" data-widget_type=\"image.default\">\n\t\t\t\t<div class=\"elementor-widget-container\">\n\t\t\t\t\t\t\t\t\t\t\t\t\t\t\t<img decoding=\"async\" width=\"800\" height=\"534\" src=\"https:\/\/insabarcelona.com\/wp-content\/uploads\/DSC_0153-1024x683-1.jpg\" class=\"attachment-large size-large wp-image-920\" alt=\"\" srcset=\"https:\/\/insabarcelona.com\/wp-content\/uploads\/DSC_0153-1024x683-1.jpg 1024w, https:\/\/insabarcelona.com\/wp-content\/uploads\/DSC_0153-1024x683-1-300x200.jpg 300w, https:\/\/insabarcelona.com\/wp-content\/uploads\/DSC_0153-1024x683-1-768x512.jpg 768w\" sizes=\"(max-width: 800px) 100vw, 800px\" \/>\t\t\t\t\t\t\t\t\t\t\t\t\t\t\t<\/div>\n\t\t\t\t<\/div>\n\t\t\t\t<div class=\"elementor-element elementor-element-e5f148a elementor-widget elementor-widget-text-editor\" data-id=\"e5f148a\" data-element_type=\"widget\" data-e-type=\"widget\" data-widget_type=\"text-editor.default\">\n\t\t\t\t<div class=\"elementor-widget-container\">\n\t\t\t\t\t\t\t\t\t<p><strong>CURSOS D\u2019ANGL\u00c8S: <\/strong> Si ets un alumne espanyol o internacional que vol realitzar un dels nostres M\u00e0sters en angl\u00e8s per\u00f2 vols assegurar-te de poder seguir-ho sense dificultat, aquest \u00e9s el teu curs!<\/p>\n\t\t\t\t\t\t\t\t<\/div>\n\t\t\t\t<\/div>\n\t\t\t\t<\/div>\n\t\t\t\t\t<\/div>\n\t\t\t\t<\/div>\n\t\t<div class=\"elementor-element elementor-element-accc0c4 e-flex e-con-boxed e-con e-parent\" data-id=\"accc0c4\" data-element_type=\"container\" data-e-type=\"container\">\n\t\t\t\t\t<div class=\"e-con-inner\">\n\t\t<div class=\"elementor-element elementor-element-466f991 e-flex e-con-boxed e-con e-child\" data-id=\"466f991\" data-element_type=\"container\" data-e-type=\"container\">\n\t\t\t\t\t<div class=\"e-con-inner\">\n\t\t\t\t<div class=\"elementor-element elementor-element-efb4c41 elementor-widget elementor-widget-text-editor\" data-id=\"efb4c41\" data-element_type=\"widget\" data-e-type=\"widget\" data-widget_type=\"text-editor.default\">\n\t\t\t\t<div class=\"elementor-widget-container\">\n\t\t\t\t\t\t\t\t\t<p>Si vols m\u00e9s informaci\u00f3 sobre aquest cursos pots escriure a <a href=\"mailto:insa@insabarcelona.com\">insa@insabarcelona.com<\/a><\/p>\n\t\t\t\t\t\t\t\t<\/div>\n\t\t\t\t<\/div>\n\t\t\t\t\t<\/div>\n\t\t\t\t<\/div>\n\t\t\t\t\t<\/div>\n\t\t\t\t<\/div>\n\t\t\t\t<\/div>\n\t\t","protected":false},"excerpt":{"rendered":"<p>Idiomes El Departament d\u2019Idiomes d\u2019INSA ofereix als nostres alumnes la possibilitat de realitzar cursos intensius per tal que tots aquells alumnes que ho desitgin puguin seguir els programes sense cap tipus de problema. La metodologia d\u2019aquests cursos es basa en grups redu\u00efts que afavoreixen l\u2019aprenentatge i amb nivells diferents segons les necessitats de cada alumne. [&hellip;]<\/p>\n","protected":false},"author":1,"featured_media":0,"parent":0,"menu_order":0,"comment_status":"closed","ping_status":"closed","template":"","meta":{"_acf_changed":false,"footnotes":""},"class_list":["post-68522","page","type-page","status-publish","hentry"],"acf":[],"_links":{"self":[{"href":"https:\/\/insabarcelona.com\/ca\/wp-json\/wp\/v2\/pages\/68522","targetHints":{"allow":["GET"]}}],"collection":[{"href":"https:\/\/insabarcelona.com\/ca\/wp-json\/wp\/v2\/pages"}],"about":[{"href":"https:\/\/insabarcelona.com\/ca\/wp-json\/wp\/v2\/types\/page"}],"author":[{"embeddable":true,"href":"https:\/\/insabarcelona.com\/ca\/wp-json\/wp\/v2\/users\/1"}],"replies":[{"embeddable":true,"href":"https:\/\/insabarcelona.com\/ca\/wp-json\/wp\/v2\/comments?post=68522"}],"version-history":[{"count":0,"href":"https:\/\/insabarcelona.com\/ca\/wp-json\/wp\/v2\/pages\/68522\/revisions"}],"wp:attachment":[{"href":"https:\/\/insabarcelona.com\/ca\/wp-json\/wp\/v2\/media?parent=68522"}],"curies":[{"name":"wp","href":"https:\/\/api.w.org\/{rel}","templated":true}]}}