{"id":68581,"date":"2024-03-25T15:46:27","date_gmt":"2024-03-25T14:46:27","guid":{"rendered":"https:\/\/insabarcelona.com\/estudiants-internacionals\/"},"modified":"2024-04-29T09:33:39","modified_gmt":"2024-04-29T07:33:39","slug":"estudiants-internacionals","status":"publish","type":"page","link":"https:\/\/insabarcelona.com\/ca\/estudiants-internacionals\/","title":{"rendered":"Estudiants Internacionals"},"content":{"rendered":"\t\t<div data-elementor-type=\"wp-page\" data-elementor-id=\"68581\" class=\"elementor elementor-68581 elementor-549\" data-elementor-post-type=\"page\">\n\t\t\t\t<div class=\"elementor-element elementor-element-c509146 e-con-full e-flex e-con e-parent\" data-id=\"c509146\" data-element_type=\"container\" data-e-type=\"container\">\n\t\t\t\t<div class=\"elementor-element elementor-element-e520c9c elementor-widget elementor-widget-image\" data-id=\"e520c9c\" data-element_type=\"widget\" data-e-type=\"widget\" data-widget_type=\"image.default\">\n\t\t\t\t<div class=\"elementor-widget-container\">\n\t\t\t\t\t\t\t\t\t\t\t\t\t\t\t<img fetchpriority=\"high\" decoding=\"async\" width=\"800\" height=\"288\" src=\"https:\/\/insabarcelona.com\/wp-content\/uploads\/banner-1024x369.jpg\" class=\"attachment-large size-large wp-image-880\" alt=\"\" srcset=\"https:\/\/insabarcelona.com\/wp-content\/uploads\/banner-1024x369.jpg 1024w, https:\/\/insabarcelona.com\/wp-content\/uploads\/banner-300x108.jpg 300w, https:\/\/insabarcelona.com\/wp-content\/uploads\/banner-768x277.jpg 768w, https:\/\/insabarcelona.com\/wp-content\/uploads\/banner-1536x554.jpg 1536w, https:\/\/insabarcelona.com\/wp-content\/uploads\/banner.jpg 1925w\" sizes=\"(max-width: 800px) 100vw, 800px\" \/>\t\t\t\t\t\t\t\t\t\t\t\t\t\t\t<\/div>\n\t\t\t\t<\/div>\n\t\t\t\t<\/div>\n\t\t<div class=\"elementor-element elementor-element-8b9d586 e-flex e-con-boxed e-con e-parent\" data-id=\"8b9d586\" data-element_type=\"container\" data-e-type=\"container\">\n\t\t\t\t\t<div class=\"e-con-inner\">\n\t\t\t\t\t<\/div>\n\t\t\t\t<\/div>\n\t\t<div class=\"elementor-element elementor-element-f6c6b4b e-flex e-con-boxed e-con e-parent\" data-id=\"f6c6b4b\" data-element_type=\"container\" data-e-type=\"container\">\n\t\t\t\t\t<div class=\"e-con-inner\">\n\t\t<div class=\"elementor-element elementor-element-6e25930 e-flex e-con-boxed e-con e-child\" data-id=\"6e25930\" data-element_type=\"container\" data-e-type=\"container\">\n\t\t\t\t\t<div class=\"e-con-inner\">\n\t\t\t\t<div class=\"elementor-element elementor-element-632c42b elementor-widget elementor-widget-heading\" data-id=\"632c42b\" data-element_type=\"widget\" data-e-type=\"widget\" data-widget_type=\"heading.default\">\n\t\t\t\t<div class=\"elementor-widget-container\">\n\t\t\t\t\t<h1 class=\"elementor-heading-title elementor-size-default\">ESTUDIANTS INTERNACIONALS<\/h1>\t\t\t\t<\/div>\n\t\t\t\t<\/div>\n\t\t\t\t<div class=\"elementor-element elementor-element-553e870 elementor-widget elementor-widget-text-editor\" data-id=\"553e870\" data-element_type=\"widget\" data-e-type=\"widget\" data-widget_type=\"text-editor.default\">\n\t\t\t\t<div class=\"elementor-widget-container\">\n\t\t\t\t\t\t\t\t\t<p>INSA es caracteritza per tenir estudiants de m\u00e9s de 40 nacionalitats diferents aportant als programes un valor afegit, aprendre de les diferents formes de veure i fer d\u2019altres pa\u00efsos. Si ets estranger i vols venir a estudiar en INSA Barcelona has de seguir els seg\u00fcents passos depenent si el teu pa\u00eds d&#8217;origen pertany a la Uni\u00f3 Europa o no.<\/p>\n\t\t\t\t\t\t\t\t<\/div>\n\t\t\t\t<\/div>\n\t\t\t\t<div class=\"elementor-element elementor-element-06bd455 elementor-widget elementor-widget-heading\" data-id=\"06bd455\" data-element_type=\"widget\" data-e-type=\"widget\" data-widget_type=\"heading.default\">\n\t\t\t\t<div class=\"elementor-widget-container\">\n\t\t\t\t\t<h2 class=\"elementor-heading-title elementor-size-default\">A) Renovaci\u00f3 Del Visat<\/h2>\t\t\t\t<\/div>\n\t\t\t\t<\/div>\n\t\t\t\t<div class=\"elementor-element elementor-element-c598bd9 elementor-widget elementor-widget-text-editor\" data-id=\"c598bd9\" data-element_type=\"widget\" data-e-type=\"widget\" data-widget_type=\"text-editor.default\">\n\t\t\t\t<div class=\"elementor-widget-container\">\n\t\t\t\t\t\t\t\t\t<p>En el cas que vulguis renovar el teu visat d\u2019estudiant, has de posar-te en contacte amb insa@insabarcelona.com i t\u2019explicarem el procediment. Tots els nostres programes compleixen amb els requisits acad\u00e8mics (hores lectives etc.) per a la renovaci\u00f3 del visat. A m\u00e9s, si ja has cursat algun programa a INSA, tindr\u00e0s un descompte del 50% en la teva reserva de pla\u00e7a.<\/p>\n\t\t\t\t\t\t\t\t<\/div>\n\t\t\t\t<\/div>\n\t\t\t\t\t<\/div>\n\t\t\t\t<\/div>\n\t\t\t\t\t<\/div>\n\t\t\t\t<\/div>\n\t\t<div class=\"elementor-element elementor-element-e4abc51 e-flex e-con-boxed e-con e-parent\" data-id=\"e4abc51\" data-element_type=\"container\" data-e-type=\"container\">\n\t\t\t\t\t<div class=\"e-con-inner\">\n\t\t<div class=\"elementor-element elementor-element-ec47a3f e-con-full e-flex e-con e-child\" data-id=\"ec47a3f\" data-element_type=\"container\" data-e-type=\"container\">\n\t\t\t\t<div class=\"elementor-element elementor-element-f624843 elementor-widget elementor-widget-heading\" data-id=\"f624843\" data-element_type=\"widget\" data-e-type=\"widget\" data-widget_type=\"heading.default\">\n\t\t\t\t<div class=\"elementor-widget-container\">\n\t\t\t\t\t<h2 class=\"elementor-heading-title elementor-size-default\"> B) Alumnes Internacionals No Comunitaris\n<\/h2>\t\t\t\t<\/div>\n\t\t\t\t<\/div>\n\t\t\t\t<div class=\"elementor-element elementor-element-bcbfe68 elementor-widget elementor-widget-text-editor\" data-id=\"bcbfe68\" data-element_type=\"widget\" data-e-type=\"widget\" data-widget_type=\"text-editor.default\">\n\t\t\t\t<div class=\"elementor-widget-container\">\n\t\t\t\t\t\t\t\t\t<p>Haur\u00e0s de tramitar davant el consolat d\u2019Espanya al teu pa\u00eds un visat d\u2019estudiant. Sense aquest visat, no podr\u00e0s tramitar posteriorment a Espanya la teva targeta d\u2019Estudiant. Els requisits per obtenir el visat d\u2019estudis d\u2019Espanya poden variar segons el pa\u00eds d\u2019origen, aix\u00ed que et suggerim consultar els tr\u00e0mits amb el consolat d\u2019Espanya al teu pa\u00eds. Aquest visat t\u00e9 una vig\u00e8ncia m\u00e0xima de 3 mesos, i \u00e9s important tenir en compte que solen demanar diversos requisits, que triguen a obtenir-se, et recomanem realitzar aquestes gestions amb suficient temps d\u2019antelaci\u00f3.<\/p>\n\t\t\t\t\t\t\t\t<\/div>\n\t\t\t\t<\/div>\n\t\t\t\t<\/div>\n\t\t<div class=\"elementor-element elementor-element-504de94 e-con-full e-flex e-con e-child\" data-id=\"504de94\" data-element_type=\"container\" data-e-type=\"container\">\n\t\t\t\t<div class=\"elementor-element elementor-element-cf461ee elementor-widget elementor-widget-image\" data-id=\"cf461ee\" data-element_type=\"widget\" data-e-type=\"widget\" data-widget_type=\"image.default\">\n\t\t\t\t<div class=\"elementor-widget-container\">\n\t\t\t\t\t\t\t\t\t\t\t\t\t\t\t<img decoding=\"async\" width=\"750\" height=\"230\" src=\"https:\/\/insabarcelona.com\/wp-content\/uploads\/INSA-BOLSA-DE-TRABAJO-750x250-1.jpg\" class=\"attachment-large size-large wp-image-916\" alt=\"\" srcset=\"https:\/\/insabarcelona.com\/wp-content\/uploads\/INSA-BOLSA-DE-TRABAJO-750x250-1.jpg 750w, https:\/\/insabarcelona.com\/wp-content\/uploads\/INSA-BOLSA-DE-TRABAJO-750x250-1-300x92.jpg 300w\" sizes=\"(max-width: 750px) 100vw, 750px\" \/>\t\t\t\t\t\t\t\t\t\t\t\t\t\t\t<\/div>\n\t\t\t\t<\/div>\n\t\t\t\t<\/div>\n\t\t<div class=\"elementor-element elementor-element-32ae747 e-con-full e-flex e-con e-child\" data-id=\"32ae747\" data-element_type=\"container\" data-e-type=\"container\">\n\t\t\t\t<div class=\"elementor-element elementor-element-e513377 elementor-widget elementor-widget-heading\" data-id=\"e513377\" data-element_type=\"widget\" data-e-type=\"widget\" data-widget_type=\"heading.default\">\n\t\t\t\t<div class=\"elementor-widget-container\">\n\t\t\t\t\t<h2 class=\"elementor-heading-title elementor-size-default\">Empadronament a la prov\u00edncia de Barcelona<\/h2>\t\t\t\t<\/div>\n\t\t\t\t<\/div>\n\t\t\t\t<div class=\"elementor-element elementor-element-354c127 elementor-widget elementor-widget-text-editor\" data-id=\"354c127\" data-element_type=\"widget\" data-e-type=\"widget\" data-widget_type=\"text-editor.default\">\n\t\t\t\t<div class=\"elementor-widget-container\">\n\t\t\t\t\t\t\t\t\t<p>En arribar a Barcelona, les persones no comunit\u00e0ries hauran d\u2019empadronar-se en l\u2019Oficina d\u2019Atenci\u00f3 al Ciutad\u00e0 (OAC) del seu Ajuntament.<\/p>\n<p>Aquestes oficines tamb\u00e9 s\u00f3n d\u2019inter\u00e8s per als alumnes comunitaris ja que a m\u00e9s del padr\u00f3 municipal d\u2019habitants, tamb\u00e9 tramiten permisos vinculats a la circulaci\u00f3 de vehicles, i ofereixen informaci\u00f3 sobre diferents <b>serveis <\/b> com:<\/p>\n<ul>\n<li>Biblioteques<\/li>\n<li>Centres c\u00edvics<\/li>\n<li>Activitats culturals<\/li>\n<li>Registre de bicicletes<\/li>\n<li>Recollida de mobles<\/li>\n<li>Targeta ve\u00ed<\/li>\n<\/ul>\n\t\t\t\t\t\t\t\t<\/div>\n\t\t\t\t<\/div>\n\t\t\t\t<\/div>\n\t\t<div class=\"elementor-element elementor-element-c09d543 e-con-full e-flex e-con e-child\" data-id=\"c09d543\" data-element_type=\"container\" data-e-type=\"container\">\n\t\t\t\t<div class=\"elementor-element elementor-element-2f5aae4 elementor-widget elementor-widget-heading\" data-id=\"2f5aae4\" data-element_type=\"widget\" data-e-type=\"widget\" data-widget_type=\"heading.default\">\n\t\t\t\t<div class=\"elementor-widget-container\">\n\t\t\t\t\t<h2 class=\"elementor-heading-title elementor-size-default\">Targeta d\u2019Estudiant (o Autoritzaci\u00f3 d\u2019Estada per Estudis) a Espanya\n\n<\/h2>\t\t\t\t<\/div>\n\t\t\t\t<\/div>\n\t\t\t\t<div class=\"elementor-element elementor-element-fbf9adf elementor-widget elementor-widget-text-editor\" data-id=\"fbf9adf\" data-element_type=\"widget\" data-e-type=\"widget\" data-widget_type=\"text-editor.default\">\n\t\t\t\t<div class=\"elementor-widget-container\">\n\t\t\t\t\t\t\t\t\t<p>Una vegada a Espanya, l\u2019estudiant ha de tramitar la seva Targeta d\u2019Estudiant o perm\u00eds de resid\u00e8ncia en la Delegaci\u00f3 del Govern (oficina d\u2019estrangers) de la Prov\u00edncia, a Barcelona.<br \/>\u00c9s possible demanar cita pr\u00e8via i els impresos tamb\u00e9 estan disponibles a <a href=\"http:\/\/www.mir.es\" target=\"_blank\" rel=\"noopener\">www.mir.es <\/a><\/p>\n<p>La <b>documentaci\u00f3 <\/b> a presentar \u00e9s (recomanem assegurar-se dels documents a trav\u00e9s de la web de la Delegaci\u00f3 del Govern) :<\/p>\n<ul>\n<li>Formulari de sol\u2022licitud emplenat<\/li>\n<li>Original i fotoc\u00f2pia del<\/li>\n<li>Passaport<\/li>\n<li>Original i fotoc\u00f2pia del<\/li>\n<li>Visat d\u2019estudiant<\/li>\n<li>Fotocopia del Segell d\u2019entrada o bitllet d\u2019avi\u00f3<\/li>\n<li>Carta d\u2019admissi\u00f3 o acceptaci\u00f3 com a estudiant d\u2019INSA<\/li>\n<\/ul>\n\t\t\t\t\t\t\t\t<\/div>\n\t\t\t\t<\/div>\n\t\t\t\t<\/div>\n\t\t<div class=\"elementor-element elementor-element-3220518 e-con-full e-flex e-con e-child\" data-id=\"3220518\" data-element_type=\"container\" data-e-type=\"container\">\n\t\t\t\t<div class=\"elementor-element elementor-element-0f12af4 elementor-widget elementor-widget-heading\" data-id=\"0f12af4\" data-element_type=\"widget\" data-e-type=\"widget\" data-widget_type=\"heading.default\">\n\t\t\t\t<div class=\"elementor-widget-container\">\n\t\t\t\t\t<h2 class=\"elementor-heading-title elementor-size-default\">Cobertura Sanit\u00e0ria\n<\/h2>\t\t\t\t<\/div>\n\t\t\t\t<\/div>\n\t\t\t\t<div class=\"elementor-element elementor-element-3803ba9 elementor-widget elementor-widget-text-editor\" data-id=\"3803ba9\" data-element_type=\"widget\" data-e-type=\"widget\" data-widget_type=\"text-editor.default\">\n\t\t\t\t<div class=\"elementor-widget-container\">\n\t\t\t\t\t\t\t\t\t<p>S\u2019aconsella, a l\u2019alumnat estranger adm\u00e8s a INSA que s\u2019informi sobre qualsevol conveni bilateral que pugui existir entre el govern del seu pa\u00eds d\u2019origen i l\u2019espanyol. Aquests convenis solen permetre a persones que resideixin legalment en territori espanyol, el dret a beneficis com, per exemple, els de la seguretat social espanyola (assist\u00e8ncia m\u00e8dica). Si no es aix\u00ed, li ser\u00e0 obligatori contractar un segur metge privat.<\/p>\n<p>Sobre aquest tema, INSA ha arribat a un acord amb <a href=\"http:\/\/www.avi-international.biz\/Modules\/AVIModule.aspx?clientid=1113&amp;modid=8a1039e0-f4a1-4027-8dce-fef29930d3b0\" target=\"_blank\" rel=\"noopener\">AVI-INTERNATIONAL<\/a> per poder facilitar l\u2019asseguran\u00e7a m\u00e8dica als nostres alumnes de forma r\u00e0pida i c\u00f2moda. Tamb\u00e9 es pot contractar una asseguran\u00e7a amb qualsevol m\u00fatua i saber a quins centres i cl\u00edniques de Barcelona es pot acudir en cas necessari i sota quines condicions.<\/p>\n\t\t\t\t\t\t\t\t<\/div>\n\t\t\t\t<\/div>\n\t\t\t\t<\/div>\n\t\t\t\t\t<\/div>\n\t\t\t\t<\/div>\n\t\t<div class=\"elementor-element elementor-element-3f2eb3b e-flex e-con-boxed e-con e-parent\" data-id=\"3f2eb3b\" data-element_type=\"container\" data-e-type=\"container\">\n\t\t\t\t\t<div class=\"e-con-inner\">\n\t\t<div class=\"elementor-element elementor-element-28c8d82 e-flex e-con-boxed e-con e-child\" data-id=\"28c8d82\" data-element_type=\"container\" data-e-type=\"container\">\n\t\t\t\t\t<div class=\"e-con-inner\">\n\t\t\t\t<div class=\"elementor-element elementor-element-18dfb3a elementor-widget elementor-widget-heading\" data-id=\"18dfb3a\" data-element_type=\"widget\" data-e-type=\"widget\" data-widget_type=\"heading.default\">\n\t\t\t\t<div class=\"elementor-widget-container\">\n\t\t\t\t\t<h2 class=\"elementor-heading-title elementor-size-default\">C) Alumnes Internacionals Comunitaris(Uni\u00f3 Europea)\n<\/h2>\t\t\t\t<\/div>\n\t\t\t\t<\/div>\n\t\t\t\t<div class=\"elementor-element elementor-element-a5d37e9 elementor-widget elementor-widget-text-editor\" data-id=\"a5d37e9\" data-element_type=\"widget\" data-e-type=\"widget\" data-widget_type=\"text-editor.default\">\n\t\t\t\t<div class=\"elementor-widget-container\">\n\t\t\t\t\t\t\t\t\t<p>Els estudiants de la Uni\u00f3 Europea tamb\u00e9 hauran de tramitar la seva Targeta d\u2019Estudiant Comunitari si el per\u00edode d\u2019estudis \u00e9s superior a 3 mesos. El procediment \u00e9s similar al dels estudiant no comunitaris. A m\u00e9s, els alumnes procedents de pa\u00efsos de la Uni\u00f3 Europea haurien d\u2019obtenir la Targeta Sanit\u00e0ria Europea abans de venir a Espanya (que reempla\u00e7a els documents I-128 i I-111) i els permetr\u00e0 accedir als centres m\u00e8dics p\u00fablics igual que els ciutadans espanyols. Pot ser m\u00e9s dif\u00edcil aconseguir-ho una vegada a Espanya.<\/p>\n\t\t\t\t\t\t\t\t<\/div>\n\t\t\t\t<\/div>\n\t\t\t\t<div class=\"elementor-element elementor-element-047e133 elementor-icon-list--layout-traditional elementor-list-item-link-full_width elementor-widget elementor-widget-icon-list\" data-id=\"047e133\" data-element_type=\"widget\" data-e-type=\"widget\" data-widget_type=\"icon-list.default\">\n\t\t\t\t<div class=\"elementor-widget-container\">\n\t\t\t\t\t\t\t<ul class=\"elementor-icon-list-items\">\n\t\t\t\t\t\t\t<li class=\"elementor-icon-list-item\">\n\t\t\t\t\t\t\t\t\t\t<span class=\"elementor-icon-list-text\"><b>M\u00e9s informaci\u00f3:<\/b><\/span>\n\t\t\t\t\t\t\t\t\t<\/li>\n\t\t\t\t\t\t\t\t<li class=\"elementor-icon-list-item\">\n\t\t\t\t\t\t\t\t\t\t\t<a href=\"http:\/\/www.seap.minhap.gob.es\" target=\"_blank\" rel=\"nofollow noopener\">\n\n\t\t\t\t\t\t\t\t\t\t\t<span class=\"elementor-icon-list-text\">Oficina d\u2019Estrangeria Delegaci\u00f3 del Govern: <span class=\"urls-bcn\">www.seap.minhap.gob.es<\/span><\/span>\n\t\t\t\t\t\t\t\t\t\t\t<\/a>\n\t\t\t\t\t\t\t\t\t<\/li>\n\t\t\t\t\t\t\t\t<li class=\"elementor-icon-list-item\">\n\t\t\t\t\t\t\t\t\t\t\t<a href=\"http:\/\/www.mir.es\" target=\"_blank\" rel=\"nofollow noopener\">\n\n\t\t\t\t\t\t\t\t\t\t\t<span class=\"elementor-icon-list-text\">Ministeri de l\u2019interior Espanyol: <span class=\"urls-bcn\">www.mir.es<\/span><\/span>\n\t\t\t\t\t\t\t\t\t\t\t<\/a>\n\t\t\t\t\t\t\t\t\t<\/li>\n\t\t\t\t\t\t\t\t<li class=\"elementor-icon-list-item\">\n\t\t\t\t\t\t\t\t\t\t\t<a href=\"http:\/\/www.mae.es\" target=\"_blank\" rel=\"nofollow noopener\">\n\n\t\t\t\t\t\t\t\t\t\t\t<span class=\"elementor-icon-list-text\">Ministeri d\u2019Afers exteriors: <span class=\"urls-bcn\">www.mae.es<\/span><\/span>\n\t\t\t\t\t\t\t\t\t\t\t<\/a>\n\t\t\t\t\t\t\t\t\t<\/li>\n\t\t\t\t\t\t<\/ul>\n\t\t\t\t\t\t<\/div>\n\t\t\t\t<\/div>\n\t\t\t\t\t<\/div>\n\t\t\t\t<\/div>\n\t\t\t\t\t<\/div>\n\t\t\t\t<\/div>\n\t\t\t\t<\/div>\n\t\t","protected":false},"excerpt":{"rendered":"<p>ESTUDIANTS INTERNACIONALS INSA es caracteritza per tenir estudiants de m\u00e9s de 40 nacionalitats diferents aportant als programes un valor afegit, aprendre de les diferents formes de veure i fer d\u2019altres pa\u00efsos. Si ets estranger i vols venir a estudiar en INSA Barcelona has de seguir els seg\u00fcents passos depenent si el teu pa\u00eds d&#8217;origen pertany [&hellip;]<\/p>\n","protected":false},"author":1,"featured_media":0,"parent":0,"menu_order":0,"comment_status":"closed","ping_status":"closed","template":"","meta":{"_acf_changed":false,"footnotes":""},"class_list":["post-68581","page","type-page","status-publish","hentry"],"acf":[],"_links":{"self":[{"href":"https:\/\/insabarcelona.com\/ca\/wp-json\/wp\/v2\/pages\/68581","targetHints":{"allow":["GET"]}}],"collection":[{"href":"https:\/\/insabarcelona.com\/ca\/wp-json\/wp\/v2\/pages"}],"about":[{"href":"https:\/\/insabarcelona.com\/ca\/wp-json\/wp\/v2\/types\/page"}],"author":[{"embeddable":true,"href":"https:\/\/insabarcelona.com\/ca\/wp-json\/wp\/v2\/users\/1"}],"replies":[{"embeddable":true,"href":"https:\/\/insabarcelona.com\/ca\/wp-json\/wp\/v2\/comments?post=68581"}],"version-history":[{"count":0,"href":"https:\/\/insabarcelona.com\/ca\/wp-json\/wp\/v2\/pages\/68581\/revisions"}],"wp:attachment":[{"href":"https:\/\/insabarcelona.com\/ca\/wp-json\/wp\/v2\/media?parent=68581"}],"curies":[{"name":"wp","href":"https:\/\/api.w.org\/{rel}","templated":true}]}}