{"id":68587,"date":"2024-03-15T11:18:34","date_gmt":"2024-03-15T10:18:34","guid":{"rendered":"https:\/\/insabarcelona.com\/lescola\/"},"modified":"2024-04-29T10:29:27","modified_gmt":"2024-04-29T08:29:27","slug":"lescola","status":"publish","type":"page","link":"https:\/\/insabarcelona.com\/ca\/lescola\/","title":{"rendered":"L\u2019Escola"},"content":{"rendered":"\t\t<div data-elementor-type=\"wp-page\" data-elementor-id=\"68587\" class=\"elementor elementor-68587 elementor-155\" data-elementor-post-type=\"page\">\n\t\t\t\t<div class=\"elementor-element elementor-element-c509146 e-con-full e-flex e-con e-parent\" data-id=\"c509146\" data-element_type=\"container\" data-e-type=\"container\">\n\t\t\t\t<div class=\"elementor-element elementor-element-e520c9c elementor-widget elementor-widget-image\" data-id=\"e520c9c\" data-element_type=\"widget\" data-e-type=\"widget\" data-widget_type=\"image.default\">\n\t\t\t\t<div class=\"elementor-widget-container\">\n\t\t\t\t\t\t\t\t\t\t\t\t\t\t\t<img fetchpriority=\"high\" decoding=\"async\" width=\"800\" height=\"288\" src=\"https:\/\/insabarcelona.com\/wp-content\/uploads\/banner-1024x369.jpg\" class=\"attachment-large size-large wp-image-880\" alt=\"\" srcset=\"https:\/\/insabarcelona.com\/wp-content\/uploads\/banner-1024x369.jpg 1024w, https:\/\/insabarcelona.com\/wp-content\/uploads\/banner-300x108.jpg 300w, https:\/\/insabarcelona.com\/wp-content\/uploads\/banner-768x277.jpg 768w, https:\/\/insabarcelona.com\/wp-content\/uploads\/banner-1536x554.jpg 1536w, https:\/\/insabarcelona.com\/wp-content\/uploads\/banner.jpg 1925w\" sizes=\"(max-width: 800px) 100vw, 800px\" \/>\t\t\t\t\t\t\t\t\t\t\t\t\t\t\t<\/div>\n\t\t\t\t<\/div>\n\t\t\t\t<\/div>\n\t\t<div class=\"elementor-element elementor-element-8b9d586 e-flex e-con-boxed e-con e-parent\" data-id=\"8b9d586\" data-element_type=\"container\" data-e-type=\"container\">\n\t\t\t\t\t<div class=\"e-con-inner\">\n\t\t\t\t\t<\/div>\n\t\t\t\t<\/div>\n\t\t<div class=\"elementor-element elementor-element-f6c6b4b e-flex e-con-boxed e-con e-parent\" data-id=\"f6c6b4b\" data-element_type=\"container\" data-e-type=\"container\">\n\t\t\t\t\t<div class=\"e-con-inner\">\n\t\t<div class=\"elementor-element elementor-element-6e25930 e-flex e-con-boxed e-con e-child\" data-id=\"6e25930\" data-element_type=\"container\" data-e-type=\"container\">\n\t\t\t\t\t<div class=\"e-con-inner\">\n\t\t\t\t<div class=\"elementor-element elementor-element-632c42b elementor-widget elementor-widget-heading\" data-id=\"632c42b\" data-element_type=\"widget\" data-e-type=\"widget\" data-widget_type=\"heading.default\">\n\t\t\t\t<div class=\"elementor-widget-container\">\n\t\t\t\t\t<h2 class=\"elementor-heading-title elementor-size-default\">L\u2019ESCOLA<\/h2>\t\t\t\t<\/div>\n\t\t\t\t<\/div>\n\t\t\t\t<div class=\"elementor-element elementor-element-553e870 elementor-widget elementor-widget-text-editor\" data-id=\"553e870\" data-element_type=\"widget\" data-e-type=\"widget\" data-widget_type=\"text-editor.default\">\n\t\t\t\t<div class=\"elementor-widget-container\">\n\t\t\t\t\t\t\t\t\t<p>Business, Marketing &amp; Communication School \u00e9s una escola de negocis privada amb m\u00e9s de 30 anys d\u2019experi\u00e8ncia en el sector de la formaci\u00f3 que compte amb PROFESSIONALES QUE FORMEN PROFESSIONALES. El nostre objectiu principal \u00e9s formar a PROFESSIONALS capa\u00e7os d\u2019incorporar-se sense dificultats al m\u00f3n laboral, tenint una base s\u00f2lida de coneixements pr\u00e0ctics i habilitats que els permetran desenvolupar les seves funciones amb \u00e8xit des del primer dia. Per aix\u00f2, el contacte constant amb empreses i les seves necessitats \u00e9s vital, i ho aconsegueixen a trav\u00e9s del seu Claustre Docent i professional, dels serveis que ofereixen a les empreses i a la xarxa d\u2019ex-alumnes.<\/p>\n\t\t\t\t\t\t\t\t<\/div>\n\t\t\t\t<\/div>\n\t\t\t\t\t<\/div>\n\t\t\t\t<\/div>\n\t\t<div class=\"elementor-element elementor-element-e130bd3 e-grid e-con-boxed e-con e-child\" data-id=\"e130bd3\" data-element_type=\"container\" data-e-type=\"container\">\n\t\t\t\t\t<div class=\"e-con-inner\">\n\t\t\t\t<div class=\"elementor-element elementor-element-9e994c2 elementor-widget elementor-widget-image\" data-id=\"9e994c2\" data-element_type=\"widget\" data-e-type=\"widget\" data-widget_type=\"image.default\">\n\t\t\t\t<div class=\"elementor-widget-container\">\n\t\t\t\t\t\t\t\t\t\t\t\t\t\t\t<img decoding=\"async\" width=\"300\" height=\"300\" src=\"https:\/\/insabarcelona.com\/wp-content\/uploads\/DSC_0761-300x300-1.jpg\" class=\"attachment-large size-large wp-image-882\" alt=\"\" srcset=\"https:\/\/insabarcelona.com\/wp-content\/uploads\/DSC_0761-300x300-1.jpg 300w, https:\/\/insabarcelona.com\/wp-content\/uploads\/DSC_0761-300x300-1-150x150.jpg 150w\" sizes=\"(max-width: 300px) 100vw, 300px\" \/>\t\t\t\t\t\t\t\t\t\t\t\t\t\t\t<\/div>\n\t\t\t\t<\/div>\n\t\t\t\t<div class=\"elementor-element elementor-element-0327ed2 elementor-widget elementor-widget-image\" data-id=\"0327ed2\" data-element_type=\"widget\" data-e-type=\"widget\" data-widget_type=\"image.default\">\n\t\t\t\t<div class=\"elementor-widget-container\">\n\t\t\t\t\t\t\t\t\t\t\t\t\t\t\t<img decoding=\"async\" width=\"300\" height=\"300\" src=\"https:\/\/insabarcelona.com\/wp-content\/uploads\/DSC_0664-300x300-1.jpg\" class=\"attachment-large size-large wp-image-884\" alt=\"\" srcset=\"https:\/\/insabarcelona.com\/wp-content\/uploads\/DSC_0664-300x300-1.jpg 300w, https:\/\/insabarcelona.com\/wp-content\/uploads\/DSC_0664-300x300-1-150x150.jpg 150w\" sizes=\"(max-width: 300px) 100vw, 300px\" \/>\t\t\t\t\t\t\t\t\t\t\t\t\t\t\t<\/div>\n\t\t\t\t<\/div>\n\t\t\t\t<div class=\"elementor-element elementor-element-e4b8514 elementor-widget elementor-widget-image\" data-id=\"e4b8514\" data-element_type=\"widget\" data-e-type=\"widget\" data-widget_type=\"image.default\">\n\t\t\t\t<div class=\"elementor-widget-container\">\n\t\t\t\t\t\t\t\t\t\t\t\t\t\t\t<img loading=\"lazy\" decoding=\"async\" width=\"300\" height=\"300\" src=\"https:\/\/insabarcelona.com\/wp-content\/uploads\/Imagen-015-300x300-1.jpg\" class=\"attachment-large size-large wp-image-886\" alt=\"\" srcset=\"https:\/\/insabarcelona.com\/wp-content\/uploads\/Imagen-015-300x300-1.jpg 300w, https:\/\/insabarcelona.com\/wp-content\/uploads\/Imagen-015-300x300-1-150x150.jpg 150w\" sizes=\"(max-width: 300px) 100vw, 300px\" \/>\t\t\t\t\t\t\t\t\t\t\t\t\t\t\t<\/div>\n\t\t\t\t<\/div>\n\t\t\t\t<div class=\"elementor-element elementor-element-8ddf1e6 elementor-widget elementor-widget-image\" data-id=\"8ddf1e6\" data-element_type=\"widget\" data-e-type=\"widget\" data-widget_type=\"image.default\">\n\t\t\t\t<div class=\"elementor-widget-container\">\n\t\t\t\t\t\t\t\t\t\t\t\t\t\t\t<img loading=\"lazy\" decoding=\"async\" width=\"300\" height=\"300\" src=\"https:\/\/insabarcelona.com\/wp-content\/uploads\/20140123_171658-300x300-1.jpg\" class=\"attachment-large size-large wp-image-888\" alt=\"\" srcset=\"https:\/\/insabarcelona.com\/wp-content\/uploads\/20140123_171658-300x300-1.jpg 300w, https:\/\/insabarcelona.com\/wp-content\/uploads\/20140123_171658-300x300-1-150x150.jpg 150w\" sizes=\"(max-width: 300px) 100vw, 300px\" \/>\t\t\t\t\t\t\t\t\t\t\t\t\t\t\t<\/div>\n\t\t\t\t<\/div>\n\t\t\t\t\t<\/div>\n\t\t\t\t<\/div>\n\t\t<div class=\"elementor-element elementor-element-ff66076 e-flex e-con-boxed e-con e-child\" data-id=\"ff66076\" data-element_type=\"container\" data-e-type=\"container\">\n\t\t\t\t\t<div class=\"e-con-inner\">\n\t\t\t\t<div class=\"elementor-element elementor-element-0820f2e elementor-widget elementor-widget-heading\" data-id=\"0820f2e\" data-element_type=\"widget\" data-e-type=\"widget\" data-widget_type=\"heading.default\">\n\t\t\t\t<div class=\"elementor-widget-container\">\n\t\t\t\t\t<p class=\"elementor-heading-title elementor-size-default\">LA NOSTRA METODOLOGIA\n<\/p>\t\t\t\t<\/div>\n\t\t\t\t<\/div>\n\t\t\t\t<div class=\"elementor-element elementor-element-2c6894e elementor-widget elementor-widget-text-editor\" data-id=\"2c6894e\" data-element_type=\"widget\" data-e-type=\"widget\" data-widget_type=\"text-editor.default\">\n\t\t\t\t<div class=\"elementor-widget-container\">\n\t\t\t\t\t\t\t\t\t<p>Totes les titulacions de l\u2019Escola responen a les ofertes de feina que procedeixen del m\u00f3n professional, que exigeix cada vegada m\u00e9s, noves especialitzacions professionals diferents de les tradicionals. El m\u00f3n de l\u2019empresa reclama professionals qualificats en gesti\u00f3 comercial, Marketing, publicitat, relacions p\u00fabliques i assistents de direcci\u00f3 entre d\u2019altres, amb \u00e0mplia formaci\u00f3 en coneixements, habilitats i domini de les noves tecnologies.<\/p>\n\t\t\t\t\t\t\t\t<\/div>\n\t\t\t\t<\/div>\n\t\t\t\t\t<\/div>\n\t\t\t\t<\/div>\n\t\t\t\t\t<\/div>\n\t\t\t\t<\/div>\n\t\t<div class=\"elementor-element elementor-element-c5ad188 e-flex e-con-boxed e-con e-parent\" data-id=\"c5ad188\" data-element_type=\"container\" data-e-type=\"container\">\n\t\t\t\t\t<div class=\"e-con-inner\">\n\t\t<div class=\"elementor-element elementor-element-b2d958a e-con-full e-flex e-con e-child\" data-id=\"b2d958a\" data-element_type=\"container\" data-e-type=\"container\">\n\t\t\t\t<div class=\"elementor-element elementor-element-b93fb2d elementor-widget elementor-widget-heading\" data-id=\"b93fb2d\" data-element_type=\"widget\" data-e-type=\"widget\" data-widget_type=\"heading.default\">\n\t\t\t\t<div class=\"elementor-widget-container\">\n\t\t\t\t\t<h5 class=\"elementor-heading-title elementor-size-default\">Pla d\u2019estudis pr\u00e0ctic, rigur\u00f3s i complet\n\n<\/h5>\t\t\t\t<\/div>\n\t\t\t\t<\/div>\n\t\t\t\t<div class=\"elementor-element elementor-element-5688567 elementor-widget elementor-widget-text-editor\" data-id=\"5688567\" data-element_type=\"widget\" data-e-type=\"widget\" data-widget_type=\"text-editor.default\">\n\t\t\t\t<div class=\"elementor-widget-container\">\n\t\t\t\t\t\t\t\t\t<p>Els programes acad\u00e8mics estan dissenyats sota un plantejament realista i flexible, que s\u2019adapta a les necessitats actuals de la professi\u00f3 superant les rigideses que caracteritzen l\u2019actualitat de molts plans d\u2019estudis.<\/p>\n\t\t\t\t\t\t\t\t<\/div>\n\t\t\t\t<\/div>\n\t\t\t\t<\/div>\n\t\t<div class=\"elementor-element elementor-element-cd55257 e-con-full e-flex e-con e-child\" data-id=\"cd55257\" data-element_type=\"container\" data-e-type=\"container\">\n\t\t\t\t<div class=\"elementor-element elementor-element-6dcb0de elementor-widget elementor-widget-heading\" data-id=\"6dcb0de\" data-element_type=\"widget\" data-e-type=\"widget\" data-widget_type=\"heading.default\">\n\t\t\t\t<div class=\"elementor-widget-container\">\n\t\t\t\t\t<h5 class=\"elementor-heading-title elementor-size-default\">Atenci\u00f3 personalitzada a l\u2019alumne\n\n<\/h5>\t\t\t\t<\/div>\n\t\t\t\t<\/div>\n\t\t\t\t<div class=\"elementor-element elementor-element-93efb66 elementor-widget elementor-widget-text-editor\" data-id=\"93efb66\" data-element_type=\"widget\" data-e-type=\"widget\" data-widget_type=\"text-editor.default\">\n\t\t\t\t<div class=\"elementor-widget-container\">\n\t\t\t\t\t\t\t\t\t<p>L\u2019escola realitza un seguiment personalitzat de la situaci\u00f3 i progr\u00e9s de cada alumne. Per aix\u00f2, l\u2019ensenyan\u00e7a s\u2019imparteix en grups redu\u00efts d\u2019estudiants que compten amb un tutor que at\u00e9n a l\u2019alumne de forma permanent al llarg del curs acad\u00e8mic i l\u2019orienta en els aspectes docents i professionals.<\/p>\n\t\t\t\t\t\t\t\t<\/div>\n\t\t\t\t<\/div>\n\t\t\t\t<\/div>\n\t\t<div class=\"elementor-element elementor-element-1b22dcc e-con-full e-flex e-con e-child\" data-id=\"1b22dcc\" data-element_type=\"container\" data-e-type=\"container\">\n\t\t\t\t<div class=\"elementor-element elementor-element-e5de559 elementor-widget elementor-widget-heading\" data-id=\"e5de559\" data-element_type=\"widget\" data-e-type=\"widget\" data-widget_type=\"heading.default\">\n\t\t\t\t<div class=\"elementor-widget-container\">\n\t\t\t\t\t<h5 class=\"elementor-heading-title elementor-size-default\">Ensenyan\u00e7a pr\u00e0ctica: Professors Professionals\n\n<\/h5>\t\t\t\t<\/div>\n\t\t\t\t<\/div>\n\t\t\t\t<div class=\"elementor-element elementor-element-7cd9dac elementor-widget elementor-widget-text-editor\" data-id=\"7cd9dac\" data-element_type=\"widget\" data-e-type=\"widget\" data-widget_type=\"text-editor.default\">\n\t\t\t\t<div class=\"elementor-widget-container\">\n\t\t\t\t\t\t\t\t\t<p>Per aconseguir la inserci\u00f3 professional de l\u2019alumne, INSA potencia el vessant pr\u00e0ctic de les ensenyances. Per aix\u00f2, el Claustre Docent d\u2019INSA est\u00e0 format per emprenedors i directius en actiu que responen a un perfil molt espec\u00edfic, ja que es t\u00e9 en compte la seva formaci\u00f3 acad\u00e8mica, la seva experi\u00e8ncia professional i les seves aptituds per a la formaci\u00f3.<\/p>\n\t\t\t\t\t\t\t\t<\/div>\n\t\t\t\t<\/div>\n\t\t\t\t<\/div>\n\t\t\t\t\t<\/div>\n\t\t\t\t<\/div>\n\t\t<div class=\"elementor-element elementor-element-016a710 e-flex e-con-boxed e-con e-parent\" data-id=\"016a710\" data-element_type=\"container\" data-e-type=\"container\">\n\t\t\t\t\t<div class=\"e-con-inner\">\n\t\t<div class=\"elementor-element elementor-element-616562b e-con-full e-flex e-con e-child\" data-id=\"616562b\" data-element_type=\"container\" data-e-type=\"container\">\n\t\t\t\t<div class=\"elementor-element elementor-element-d5984f6 elementor-widget elementor-widget-heading\" data-id=\"d5984f6\" data-element_type=\"widget\" data-e-type=\"widget\" data-widget_type=\"heading.default\">\n\t\t\t\t<div class=\"elementor-widget-container\">\n\t\t\t\t\t<h5 class=\"elementor-heading-title elementor-size-default\">Acc\u00e9s del alumnes al mercat laboral\n<\/h5>\t\t\t\t<\/div>\n\t\t\t\t<\/div>\n\t\t\t\t<div class=\"elementor-element elementor-element-df4338d elementor-widget elementor-widget-text-editor\" data-id=\"df4338d\" data-element_type=\"widget\" data-e-type=\"widget\" data-widget_type=\"text-editor.default\">\n\t\t\t\t<div class=\"elementor-widget-container\">\n\t\t\t\t\t\t\t\t\t<p>Per facilitar als alumnes l\u2019acc\u00e9s al Mercat Laboral i afavorir la seva adaptaci\u00f3 a l\u2019entorn empresarial, INSA planteja els seg\u00fcents objectius en els seus Programes:<\/p>\n<ul>\n<li>Desenvolupament de les aptituds per a la societat del coneixement.<\/li>\n<li>Domini de les tecnologies de la Informaci\u00f3 i la Comunicaci\u00f3.<\/li>\n<li>Oferir un entorn d\u2019aprenentatge obert.<\/li>\n<li>Desenvolupament de l\u2019esperit emprenedor i creatiu d\u2019empresa.<\/li>\n<\/ul>\n<p>El tracte a l\u2019alumnat i la gesti\u00f3 de la qualitat s\u00f3n els eixos principals d\u2019INSA:<\/p>\n<ul>\n<li>Orientaci\u00f3 al client. Cada alumne \u00e9s \u00fanic.<\/li>\n<li>Reconeixement de les obligacions de l\u2019organitzaci\u00f3 amb els clients, els treballadors, la junta directiva, els prove\u00efdors i la societat en general.<\/li>\n<li>Participaci\u00f3 i adjudicaci\u00f3 de responsabilitats a les persones i als equips.<\/li>\n<li>Gesti\u00f3 de procediments.<\/li>\n<li>Millora cont\u00ednua.<\/li>\n<li>Habilitats.<\/li>\n<\/ul>\n\t\t\t\t\t\t\t\t<\/div>\n\t\t\t\t<\/div>\n\t\t\t\t<\/div>\n\t\t<div class=\"elementor-element elementor-element-f360cff e-con-full e-flex e-con e-child\" data-id=\"f360cff\" data-element_type=\"container\" data-e-type=\"container\">\n\t\t\t\t<div class=\"elementor-element elementor-element-96977c9 elementor-widget elementor-widget-image\" data-id=\"96977c9\" data-element_type=\"widget\" data-e-type=\"widget\" data-widget_type=\"image.default\">\n\t\t\t\t<div class=\"elementor-widget-container\">\n\t\t\t\t\t\t\t\t\t\t\t\t\t\t\t<img loading=\"lazy\" decoding=\"async\" width=\"800\" height=\"469\" src=\"https:\/\/insabarcelona.com\/wp-content\/uploads\/INSA-MASTERS-1024x600-1.jpg\" class=\"attachment-large size-large wp-image-890\" alt=\"\" srcset=\"https:\/\/insabarcelona.com\/wp-content\/uploads\/INSA-MASTERS-1024x600-1.jpg 1024w, https:\/\/insabarcelona.com\/wp-content\/uploads\/INSA-MASTERS-1024x600-1-300x176.jpg 300w, https:\/\/insabarcelona.com\/wp-content\/uploads\/INSA-MASTERS-1024x600-1-768x450.jpg 768w\" sizes=\"(max-width: 800px) 100vw, 800px\" \/>\t\t\t\t\t\t\t\t\t\t\t\t\t\t\t<\/div>\n\t\t\t\t<\/div>\n\t\t\t\t<\/div>\n\t\t\t\t\t<\/div>\n\t\t\t\t<\/div>\n\t\t<div class=\"elementor-element elementor-element-1bcd1a9 e-flex e-con-boxed e-con e-parent\" data-id=\"1bcd1a9\" data-element_type=\"container\" data-e-type=\"container\">\n\t\t\t\t\t<div class=\"e-con-inner\">\n\t\t<div class=\"elementor-element elementor-element-6291b10 e-flex e-con-boxed e-con e-child\" data-id=\"6291b10\" data-element_type=\"container\" data-e-type=\"container\">\n\t\t\t\t\t<div class=\"e-con-inner\">\n\t\t\t\t<div class=\"elementor-element elementor-element-6794fbe elementor-widget elementor-widget-heading\" data-id=\"6794fbe\" data-element_type=\"widget\" data-e-type=\"widget\" data-widget_type=\"heading.default\">\n\t\t\t\t<div class=\"elementor-widget-container\">\n\t\t\t\t\t<h3 class=\"elementor-heading-title elementor-size-default\">HIST\u00d2RIA<\/h3>\t\t\t\t<\/div>\n\t\t\t\t<\/div>\n\t\t\t\t<div class=\"elementor-element elementor-element-c4a8e50 elementor-widget elementor-widget-text-editor\" data-id=\"c4a8e50\" data-element_type=\"widget\" data-e-type=\"widget\" data-widget_type=\"text-editor.default\">\n\t\t\t\t<div class=\"elementor-widget-container\">\n\t\t\t\t\t\t\t\t\t<p>INSA es crea el 1984 com a resposta a la necessitat del sector empresarial d\u2019incorporar persones altament formades, com una visi\u00f3 real i pr\u00e0ctica del m\u00f3n laboral. El bon saber fer dels nostres professors, la flexibilitat dels nostres plans d\u2019estudis, la metodologia pr\u00e0ctica i la col\u00b7laboraci\u00f3 amb importants institucions i universitat, tant nacionals com internacionals, han fet possible que actualment comptem amb m\u00e9s de 13.000 antics alumnes de 40 nacionalitats diferents. El mercat, aix\u00ed com els aven\u00e7os pol\u00edtics, econ\u00f2mics i tecnol\u00f2gics han fet que cada any INSA actualitzi els seus programes tamb\u00e9 en els estudis \u00edntegrament en angl\u00e8s i amb visi\u00f3 internacional.<\/p>\n\t\t\t\t\t\t\t\t<\/div>\n\t\t\t\t<\/div>\n\t\t\t\t\t<\/div>\n\t\t\t\t<\/div>\n\t\t\t\t\t<\/div>\n\t\t\t\t<\/div>\n\t\t\t\t<\/div>\n\t\t","protected":false},"excerpt":{"rendered":"<p>L\u2019ESCOLA Business, Marketing &amp; Communication School \u00e9s una escola de negocis privada amb m\u00e9s de 30 anys d\u2019experi\u00e8ncia en el sector de la formaci\u00f3 que compte amb PROFESSIONALES QUE FORMEN PROFESSIONALES. El nostre objectiu principal \u00e9s formar a PROFESSIONALS capa\u00e7os d\u2019incorporar-se sense dificultats al m\u00f3n laboral, tenint una base s\u00f2lida de coneixements pr\u00e0ctics i habilitats [&hellip;]<\/p>\n","protected":false},"author":1,"featured_media":0,"parent":0,"menu_order":0,"comment_status":"closed","ping_status":"closed","template":"","meta":{"_acf_changed":false,"footnotes":""},"class_list":["post-68587","page","type-page","status-publish","hentry"],"acf":[],"_links":{"self":[{"href":"https:\/\/insabarcelona.com\/ca\/wp-json\/wp\/v2\/pages\/68587","targetHints":{"allow":["GET"]}}],"collection":[{"href":"https:\/\/insabarcelona.com\/ca\/wp-json\/wp\/v2\/pages"}],"about":[{"href":"https:\/\/insabarcelona.com\/ca\/wp-json\/wp\/v2\/types\/page"}],"author":[{"embeddable":true,"href":"https:\/\/insabarcelona.com\/ca\/wp-json\/wp\/v2\/users\/1"}],"replies":[{"embeddable":true,"href":"https:\/\/insabarcelona.com\/ca\/wp-json\/wp\/v2\/comments?post=68587"}],"version-history":[{"count":0,"href":"https:\/\/insabarcelona.com\/ca\/wp-json\/wp\/v2\/pages\/68587\/revisions"}],"wp:attachment":[{"href":"https:\/\/insabarcelona.com\/ca\/wp-json\/wp\/v2\/media?parent=68587"}],"curies":[{"name":"wp","href":"https:\/\/api.w.org\/{rel}","templated":true}]}}