{"id":68612,"date":"2024-03-25T15:27:08","date_gmt":"2024-03-25T14:27:08","guid":{"rendered":"https:\/\/insabarcelona.com\/proces-de-matricula\/"},"modified":"2024-11-05T10:04:51","modified_gmt":"2024-11-05T09:04:51","slug":"proces-de-matricula","status":"publish","type":"page","link":"https:\/\/insabarcelona.com\/ca\/proces-de-matricula\/","title":{"rendered":"Proc\u00e9s de matr\u00edcula"},"content":{"rendered":"\t\t<div data-elementor-type=\"wp-page\" data-elementor-id=\"68612\" class=\"elementor elementor-68612 elementor-530\" data-elementor-post-type=\"page\">\n\t\t\t\t<div class=\"elementor-element elementor-element-c509146 e-con-full e-flex e-con e-parent\" data-id=\"c509146\" data-element_type=\"container\" data-e-type=\"container\">\n\t\t\t\t<div class=\"elementor-element elementor-element-e520c9c elementor-widget elementor-widget-image\" data-id=\"e520c9c\" data-element_type=\"widget\" data-e-type=\"widget\" data-widget_type=\"image.default\">\n\t\t\t\t<div class=\"elementor-widget-container\">\n\t\t\t\t\t\t\t\t\t\t\t\t\t\t\t<img fetchpriority=\"high\" decoding=\"async\" width=\"800\" height=\"288\" src=\"https:\/\/insabarcelona.com\/wp-content\/uploads\/banner-1024x369.jpg\" class=\"attachment-large size-large wp-image-880\" alt=\"\" srcset=\"https:\/\/insabarcelona.com\/wp-content\/uploads\/banner-1024x369.jpg 1024w, https:\/\/insabarcelona.com\/wp-content\/uploads\/banner-300x108.jpg 300w, https:\/\/insabarcelona.com\/wp-content\/uploads\/banner-768x277.jpg 768w, https:\/\/insabarcelona.com\/wp-content\/uploads\/banner-1536x554.jpg 1536w, https:\/\/insabarcelona.com\/wp-content\/uploads\/banner.jpg 1925w\" sizes=\"(max-width: 800px) 100vw, 800px\" \/>\t\t\t\t\t\t\t\t\t\t\t\t\t\t\t<\/div>\n\t\t\t\t<\/div>\n\t\t\t\t<\/div>\n\t\t<div class=\"elementor-element elementor-element-0b775ff e-flex e-con-boxed e-con e-parent\" data-id=\"0b775ff\" data-element_type=\"container\" data-e-type=\"container\">\n\t\t\t\t\t<div class=\"e-con-inner\">\n\t\t\t\t\t<\/div>\n\t\t\t\t<\/div>\n\t\t<div class=\"elementor-element elementor-element-016a710 e-flex e-con-boxed e-con e-parent\" data-id=\"016a710\" data-element_type=\"container\" data-e-type=\"container\">\n\t\t\t\t\t<div class=\"e-con-inner\">\n\t\t<div class=\"elementor-element elementor-element-616562b e-con-full e-flex e-con e-child\" data-id=\"616562b\" data-element_type=\"container\" data-e-type=\"container\">\n\t\t\t\t<div class=\"elementor-element elementor-element-632c42b elementor-widget elementor-widget-heading\" data-id=\"632c42b\" data-element_type=\"widget\" data-e-type=\"widget\" data-widget_type=\"heading.default\">\n\t\t\t\t<div class=\"elementor-widget-container\">\n\t\t\t\t\t<h2 class=\"elementor-heading-title elementor-size-default\">PROC\u00c9S DE MATR\u00cdCULA<\/h2>\t\t\t\t<\/div>\n\t\t\t\t<\/div>\n\t\t\t\t<div class=\"elementor-element elementor-element-df4338d elementor-widget elementor-widget-text-editor\" data-id=\"df4338d\" data-element_type=\"widget\" data-e-type=\"widget\" data-widget_type=\"text-editor.default\">\n\t\t\t\t<div class=\"elementor-widget-container\">\n\t\t\t\t\t\t\t\t\t<p>Proc\u00e9s de matr\u00edcula per a cursar un dels nostres programes i formar part d&#8217;INSA Alumni. Ser Alumni d&#8217;INSA implica formar part d&#8217;una xarxa Internacional de professionals que obre portes i genera oportunitats de manera rec\u00edproca. Des del centre comptem amb un departament dedicat exclusivament a potenciar aquestes relacions internacionals. El nostre treball diari, en aquest cas, consisteix a mantenir relacions amb alumnes i exalumnes d&#8217;INSA que ocupin c\u00e0rrecs en empreses pioneres de cada sector. Aix\u00f2 fa que aconseguim crear una finestra de possibilitats per a tot aquell que sigui d&#8217;INSA, generant bones sinergies entre tots nosaltres. El proc\u00e9s de Matr\u00edcula s&#8217;inicia una vegada hagis sol\u00b7licitat informaci\u00f3 d&#8217;un programa concret i hagis rebut resposta per part nostra. Haur\u00e0 de seguir els seg\u00fcents passos:<\/p>\n\t\t\t\t\t\t\t\t<\/div>\n\t\t\t\t<\/div>\n\t\t\t\t<\/div>\n\t\t\t\t\t<\/div>\n\t\t\t\t<\/div>\n\t\t<div class=\"elementor-element elementor-element-8b1df9d e-flex e-con-boxed e-con e-parent\" data-id=\"8b1df9d\" data-element_type=\"container\" data-e-type=\"container\">\n\t\t\t\t\t<div class=\"e-con-inner\">\n\t\t\t\t<div class=\"elementor-element elementor-element-d2a4dfb elementor-tabs-view-horizontal elementor-widget elementor-widget-tabs\" data-id=\"d2a4dfb\" data-element_type=\"widget\" data-e-type=\"widget\" data-widget_type=\"tabs.default\">\n\t\t\t\t<div class=\"elementor-widget-container\">\n\t\t\t\t\t\t\t<div class=\"elementor-tabs\">\n\t\t\t<div class=\"elementor-tabs-wrapper\" role=\"tablist\" >\n\t\t\t\t\t\t\t\t\t<div id=\"elementor-tab-title-2201\" class=\"elementor-tab-title elementor-tab-desktop-title\" aria-selected=\"true\" data-tab=\"1\" role=\"tab\" tabindex=\"0\" aria-controls=\"elementor-tab-content-2201\" aria-expanded=\"false\">PROC\u00c9S D'ADMISSI\u00d3<\/div>\n\t\t\t\t\t\t\t\t\t<div id=\"elementor-tab-title-2202\" class=\"elementor-tab-title elementor-tab-desktop-title\" aria-selected=\"false\" data-tab=\"2\" role=\"tab\" tabindex=\"-1\" aria-controls=\"elementor-tab-content-2202\" aria-expanded=\"false\">INSCRIPCI\u00d3<\/div>\n\t\t\t\t\t\t\t\t\t<div id=\"elementor-tab-title-2203\" class=\"elementor-tab-title elementor-tab-desktop-title\" aria-selected=\"false\" data-tab=\"3\" role=\"tab\" tabindex=\"-1\" aria-controls=\"elementor-tab-content-2203\" aria-expanded=\"false\">PAGAMENT DE LA RESERVA DE PLA\u00c7A<\/div>\n\t\t\t\t\t\t\t\t\t<div id=\"elementor-tab-title-2204\" class=\"elementor-tab-title elementor-tab-desktop-title\" aria-selected=\"false\" data-tab=\"4\" role=\"tab\" tabindex=\"-1\" aria-controls=\"elementor-tab-content-2204\" aria-expanded=\"false\">ENVIAMENT DE DOCUMENTACI\u00d3<\/div>\n\t\t\t\t\t\t\t\t\t<div id=\"elementor-tab-title-2205\" class=\"elementor-tab-title elementor-tab-desktop-title\" aria-selected=\"false\" data-tab=\"5\" role=\"tab\" tabindex=\"-1\" aria-controls=\"elementor-tab-content-2205\" aria-expanded=\"false\">PAGAMENT FINAL<\/div>\n\t\t\t\t\t\t\t<\/div>\n\t\t\t<div class=\"elementor-tabs-content-wrapper\" role=\"tablist\" aria-orientation=\"vertical\">\n\t\t\t\t\t\t\t\t\t<div class=\"elementor-tab-title elementor-tab-mobile-title\" aria-selected=\"true\" data-tab=\"1\" role=\"tab\" tabindex=\"0\" aria-controls=\"elementor-tab-content-2201\" aria-expanded=\"false\">PROC\u00c9S D'ADMISSI\u00d3<\/div>\n\t\t\t\t\t<div id=\"elementor-tab-content-2201\" class=\"elementor-tab-content elementor-clearfix\" data-tab=\"1\" role=\"tabpanel\" aria-labelledby=\"elementor-tab-title-2201\" tabindex=\"0\" hidden=\"false\"><p>Els interessats a qualsevol programa d\u2019INSA hauran de realitzar un proc\u00e9s d\u2019admissi\u00f3 propi, ja sigui per a Masters o per a Carreres Superiors. Aquest proc\u00e9s d\u2019admissi\u00f3 t\u00e9 com a resultat la comunicaci\u00f3 al futur alumne de l\u2019adequaci\u00f3 del seu perfil als estudis que ha sol\u00b7licitat.<\/p>\n<p>\u00c9s un proc\u00e9s que no implica cap comprom\u00eds per part del futur alumne.<\/p>\n<\/div>\n\t\t\t\t\t\t\t\t\t<div class=\"elementor-tab-title elementor-tab-mobile-title\" aria-selected=\"false\" data-tab=\"2\" role=\"tab\" tabindex=\"-1\" aria-controls=\"elementor-tab-content-2202\" aria-expanded=\"false\">INSCRIPCI\u00d3<\/div>\n\t\t\t\t\t<div id=\"elementor-tab-content-2202\" class=\"elementor-tab-content elementor-clearfix\" data-tab=\"2\" role=\"tabpanel\" aria-labelledby=\"elementor-tab-title-2202\" tabindex=\"0\" hidden=\"hidden\"><p>Una vegada notificat per e-mail o tel\u00e8fon als candidats la seva acceptaci\u00f3 al programa sol\u00b7licitat, s\u2019enviar\u00e0 la fitxa d\u2019inscripci\u00f3 com a primer pas per formalitzar la reserva de pla\u00e7a.<br \/>El nombre de places \u00e9s limitat i per tant la inscripci\u00f3 es mantindr\u00e0 oberta fins a completar el nombre de places establert per a cada programa.<br \/>Aquesta fitxa d\u2019inscripci\u00f3 pot completar-se i enviar-se per mail directament.<\/p>\n<\/div>\n\t\t\t\t\t\t\t\t\t<div class=\"elementor-tab-title elementor-tab-mobile-title\" aria-selected=\"false\" data-tab=\"3\" role=\"tab\" tabindex=\"-1\" aria-controls=\"elementor-tab-content-2203\" aria-expanded=\"false\">PAGAMENT DE LA RESERVA DE PLA\u00c7A<\/div>\n\t\t\t\t\t<div id=\"elementor-tab-content-2203\" class=\"elementor-tab-content elementor-clearfix\" data-tab=\"3\" role=\"tabpanel\" aria-labelledby=\"elementor-tab-title-2203\" tabindex=\"0\" hidden=\"hidden\"><p>L\u2019acceptaci\u00f3 a un programa i l\u2019enviament de la fitxa d\u2019inscripci\u00f3 NO implica la reserva de pla\u00e7a autom\u00e0tica.<br \/>Per reservar pla\u00e7a, s\u2019haur\u00e0 d\u2019abonar l\u2019import d\u2019aquest concepte.<br \/>Una vegada rebut aquest import, INSA donar\u00e0 per validada aquesta reserva de pla\u00e7a.<br \/>L\u2019assignaci\u00f3 de les places per als cursos es realitza per estricte ordre de recepci\u00f3 de l\u2019import de la reserva de pla\u00e7a.<\/p>\n<\/div>\n\t\t\t\t\t\t\t\t\t<div class=\"elementor-tab-title elementor-tab-mobile-title\" aria-selected=\"false\" data-tab=\"4\" role=\"tab\" tabindex=\"-1\" aria-controls=\"elementor-tab-content-2204\" aria-expanded=\"false\">ENVIAMENT DE DOCUMENTACI\u00d3<\/div>\n\t\t\t\t\t<div id=\"elementor-tab-content-2204\" class=\"elementor-tab-content elementor-clearfix\" data-tab=\"4\" role=\"tabpanel\" aria-labelledby=\"elementor-tab-title-2204\" tabindex=\"0\" hidden=\"hidden\"><p>Per completar el proc\u00e9s de matr\u00edcula ser\u00e0 necessari que l\u2019alumne ens faci arribar alguns documents que li sol\u2022licitarem per e-mail com per exemple la fotoc\u00f2pia del DNI o NIE o 2 fotografies actuals.<\/p>\n<\/div>\n\t\t\t\t\t\t\t\t\t<div class=\"elementor-tab-title elementor-tab-mobile-title\" aria-selected=\"false\" data-tab=\"5\" role=\"tab\" tabindex=\"-1\" aria-controls=\"elementor-tab-content-2205\" aria-expanded=\"false\">PAGAMENT FINAL<\/div>\n\t\t\t\t\t<div id=\"elementor-tab-content-2205\" class=\"elementor-tab-content elementor-clearfix\" data-tab=\"5\" role=\"tabpanel\" aria-labelledby=\"elementor-tab-title-2205\" tabindex=\"0\" hidden=\"hidden\"><p>L\u2019\u00faltim pas per ser alumne d\u2019INSA, amb tots els seus drets, \u00e9s el pagament de l\u2019import restant de matr\u00edcula.<\/p>\n<p>Aquest pagament ha de realitzar-se just abans de l\u2019inici del curs, o en el cas de pagament fraccionat, haver lliurat el document espec\u00edfic a aquest efecte abans de l\u2019inici del curs.<br \/>Ser\u00e0 en el moment de recepci\u00f3 de l\u2019import o del document quan l\u2019alumne haur\u00e0 finalitzat el seu proc\u00e9s de matr\u00edcula.<\/p>\n<\/div>\n\t\t\t\t\t\t\t<\/div>\n\t\t<\/div>\n\t\t\t\t\t\t<\/div>\n\t\t\t\t<\/div>\n\t\t\t\t\t<\/div>\n\t\t\t\t<\/div>\n\t\t\t\t<\/div>\n\t\t","protected":false},"excerpt":{"rendered":"<p>PROC\u00c9S DE MATR\u00cdCULA Proc\u00e9s de matr\u00edcula per a cursar un dels nostres programes i formar part d&#8217;INSA Alumni. Ser Alumni d&#8217;INSA implica formar part d&#8217;una xarxa Internacional de professionals que obre portes i genera oportunitats de manera rec\u00edproca. Des del centre comptem amb un departament dedicat exclusivament a potenciar aquestes relacions internacionals. El nostre treball [&hellip;]<\/p>\n","protected":false},"author":1,"featured_media":0,"parent":0,"menu_order":0,"comment_status":"closed","ping_status":"closed","template":"","meta":{"_acf_changed":false,"footnotes":""},"class_list":["post-68612","page","type-page","status-publish","hentry"],"acf":[],"_links":{"self":[{"href":"https:\/\/insabarcelona.com\/ca\/wp-json\/wp\/v2\/pages\/68612","targetHints":{"allow":["GET"]}}],"collection":[{"href":"https:\/\/insabarcelona.com\/ca\/wp-json\/wp\/v2\/pages"}],"about":[{"href":"https:\/\/insabarcelona.com\/ca\/wp-json\/wp\/v2\/types\/page"}],"author":[{"embeddable":true,"href":"https:\/\/insabarcelona.com\/ca\/wp-json\/wp\/v2\/users\/1"}],"replies":[{"embeddable":true,"href":"https:\/\/insabarcelona.com\/ca\/wp-json\/wp\/v2\/comments?post=68612"}],"version-history":[{"count":0,"href":"https:\/\/insabarcelona.com\/ca\/wp-json\/wp\/v2\/pages\/68612\/revisions"}],"wp:attachment":[{"href":"https:\/\/insabarcelona.com\/ca\/wp-json\/wp\/v2\/media?parent=68612"}],"curies":[{"name":"wp","href":"https:\/\/api.w.org\/{rel}","templated":true}]}}