{"id":68618,"date":"2024-03-22T12:03:53","date_gmt":"2024-03-22T11:03:53","guid":{"rendered":"https:\/\/insabarcelona.com\/empreses\/"},"modified":"2025-12-02T13:01:42","modified_gmt":"2025-12-02T12:01:42","slug":"empreses","status":"publish","type":"page","link":"https:\/\/insabarcelona.com\/ca\/empreses\/","title":{"rendered":"Empreses"},"content":{"rendered":"\t\t<div data-elementor-type=\"wp-page\" data-elementor-id=\"68618\" class=\"elementor elementor-68618 elementor-278\" data-elementor-post-type=\"page\">\n\t\t\t\t<div class=\"elementor-element elementor-element-c509146 e-con-full e-flex e-con e-parent\" data-id=\"c509146\" data-element_type=\"container\" data-e-type=\"container\">\n\t\t\t\t<div class=\"elementor-element elementor-element-e520c9c elementor-widget elementor-widget-image\" data-id=\"e520c9c\" data-element_type=\"widget\" data-e-type=\"widget\" data-widget_type=\"image.default\">\n\t\t\t\t<div class=\"elementor-widget-container\">\n\t\t\t\t\t\t\t\t\t\t\t\t\t\t\t<img fetchpriority=\"high\" decoding=\"async\" width=\"800\" height=\"288\" src=\"https:\/\/insabarcelona.com\/wp-content\/uploads\/banner-1024x369.jpg\" class=\"attachment-large size-large wp-image-880\" alt=\"\" srcset=\"https:\/\/insabarcelona.com\/wp-content\/uploads\/banner-1024x369.jpg 1024w, https:\/\/insabarcelona.com\/wp-content\/uploads\/banner-300x108.jpg 300w, https:\/\/insabarcelona.com\/wp-content\/uploads\/banner-768x277.jpg 768w, https:\/\/insabarcelona.com\/wp-content\/uploads\/banner-1536x554.jpg 1536w, https:\/\/insabarcelona.com\/wp-content\/uploads\/banner.jpg 1925w\" sizes=\"(max-width: 800px) 100vw, 800px\" \/>\t\t\t\t\t\t\t\t\t\t\t\t\t\t\t<\/div>\n\t\t\t\t<\/div>\n\t\t\t\t<\/div>\n\t\t<div class=\"elementor-element elementor-element-0b775ff e-flex e-con-boxed e-con e-parent\" data-id=\"0b775ff\" data-element_type=\"container\" data-e-type=\"container\">\n\t\t\t\t\t<div class=\"e-con-inner\">\n\t\t\t\t\t<\/div>\n\t\t\t\t<\/div>\n\t\t<div class=\"elementor-element elementor-element-f6c6b4b e-flex e-con-boxed e-con e-parent\" data-id=\"f6c6b4b\" data-element_type=\"container\" data-e-type=\"container\">\n\t\t\t\t\t<div class=\"e-con-inner\">\n\t\t<div class=\"elementor-element elementor-element-1016ef3 e-flex e-con-boxed e-con e-child\" data-id=\"1016ef3\" data-element_type=\"container\" data-e-type=\"container\">\n\t\t\t\t\t<div class=\"e-con-inner\">\n\t\t\t\t<div class=\"elementor-element elementor-element-632c42b elementor-widget elementor-widget-heading\" data-id=\"632c42b\" data-element_type=\"widget\" data-e-type=\"widget\" data-widget_type=\"heading.default\">\n\t\t\t\t<div class=\"elementor-widget-container\">\n\t\t\t\t\t<h2 class=\"elementor-heading-title elementor-size-default\">EMPRESES\n<\/h2>\t\t\t\t<\/div>\n\t\t\t\t<\/div>\n\t\t\t\t<div class=\"elementor-element elementor-element-553e870 elementor-widget elementor-widget-text-editor\" data-id=\"553e870\" data-element_type=\"widget\" data-e-type=\"widget\" data-widget_type=\"text-editor.default\">\n\t\t\t\t<div class=\"elementor-widget-container\">\n\t\t\t\t\t\t\t\t\t<p><strong>A INSA destaquem per dotar els nostres programes formatius d\u2019una perspectiva actual i un enfocament cap al m\u00f3n laboral a trav\u00e9s d\u2019un pla d\u2019estudis molt pr\u00e0ctic i real i amb PROFESSIONALS que formen PROFESSIONALS.<\/strong><\/p>\n<p>L\u2019estreta relaci\u00f3 que mantenim amb el m\u00f3n empresarial per al disseny i desenvolupament de programes formatius es trasllada tamb\u00e9 a l\u2019oferta de serveis destinats a empreses que ajuden a la seva millora institucional i al desenvolupament i formaci\u00f3 del seu capital hum\u00e0 com a principal actiu. A INSA trobar\u00e0s els seg\u00fcents serveis destinats a empreses i institucions: \u201c<b>Formaci\u00f3 in Company<\/b>\u201c, \u201d<b>Programes Formatius Nostres<\/b>\u201c i \u201c<b>Borsa de Treball i Pr\u00e0ctiques<\/b>\u201c. A continuaci\u00f3 trobar\u00e0s el detall de cada un d\u2019aquests serveis. Si vols posar-te en contacte amb nosaltres pots fer-ho mitjan\u00e7ant els mails que s\u2019indiquen en cada apartat o omplint el formulari.<\/p>\n<p><b>Formaci\u00f3 in Company <\/b> En INSA oferim a les empreses i institucions la possibilitat de publicar ofertes de treball i de pr\u00e0ctiques en la Borsa de Treball de forma totalment gratu\u00efta. La diversitat d&#8217;\u00e0mbits i de perfils que cobreixen els nostres programes i alumnes, fan de la Borsa de Treball un servei idoni perqu\u00e8 les empreses trobin els candidats ideals per a les seves vacants. El servei de Borsa de Treball permet publicar en la Intranet les ofertes perqu\u00e8 estiguin accessibles a tots els nostres alumnes, tenint l&#8217;oportunitat d&#8217;inscriure&#8217;s en elles. Passat el per\u00edode de vig\u00e8ncia de l&#8217;oferta, INSA realitza un filtratge dels curr\u00edculums rebuts i envia a les empreses els que m\u00e9s s&#8217;ajusten al perfil descrit.<\/p>\n\t\t\t\t\t\t\t\t<\/div>\n\t\t\t\t<\/div>\n\t\t\t\t\t<\/div>\n\t\t\t\t<\/div>\n\t\t\t\t\t<\/div>\n\t\t\t\t<\/div>\n\t\t<div class=\"elementor-element elementor-element-016a710 e-flex e-con-boxed e-con e-parent\" data-id=\"016a710\" data-element_type=\"container\" data-e-type=\"container\">\n\t\t\t\t\t<div class=\"e-con-inner\">\n\t\t<div class=\"elementor-element elementor-element-616562b e-con-full e-flex e-con e-child\" data-id=\"616562b\" data-element_type=\"container\" data-e-type=\"container\">\n\t\t\t\t<div class=\"elementor-element elementor-element-df4338d elementor-widget elementor-widget-text-editor\" data-id=\"df4338d\" data-element_type=\"widget\" data-e-type=\"widget\" data-widget_type=\"text-editor.default\">\n\t\t\t\t<div class=\"elementor-widget-container\">\n\t\t\t\t\t\t\t\t\t<p>Dissenyem i impartim formaci\u00f3 a mesura per a empreses i institucions amb un pla de treball que segueix les seg\u00fcents fases:<\/p>\n<p><b>1. Detecci\u00f3 de necessitats <\/b> Acompanyament, determinaci\u00f3 i orientaci\u00f3 sobre l\u2019objectiu de la formaci\u00f3, quines necessitats existeixen, aix\u00ed com determinaci\u00f3 del p\u00fablic objectiu i les seves caracter\u00edstiques.<\/p>\n<p><b>2. Disseny del preprograma<\/b> Una vegada determinat el per qu\u00e8, a qui i el per a qu\u00e8, el nostre equip dissenya un programa de formaci\u00f3 espec\u00edfic per a cada client.<\/p>\n<p><b>3. Programa definitiu<\/b> Conjuntament amb l\u2019empresa, es realitzen els ajustaments necessaris en les caracter\u00edstiques de la formaci\u00f3 (durada, horari, etc.) que permetin obtenir el resultat esperat.<\/p>\n<p><b>4. Impartici\u00f3 del programa<\/b> Impartim les diferents tem\u00e0tiques amb professionals d\u2019INSA, donant als programes la perspectiva real i pr\u00e0ctica necess\u00e0ria. Utilitzem la metodologia del cas, casos reals exposats per l\u2019empresa, i role play\u2019s com a guia d\u2019impartici\u00f3 dels diferents blocs.<\/p>\n<p><b>5. Avaluaci\u00f3 i seguiment de la formaci\u00f3<\/b> A INSA realitzem un seguiment de l\u2019impacte de la formaci\u00f3 impartida, una vegada finalitzada<\/p>\n<p>Si est\u00e0s interessat a publicar una oferta, nom\u00e9s has d&#8217;escriure a <a href=\"mailto:bolsatrabajo@insabarcelona.com\">bolsatrabajo@insabarcelona.com<\/a> i ens posarem en contacte amb tu.<\/p>\n\t\t\t\t\t\t\t\t<\/div>\n\t\t\t\t<\/div>\n\t\t\t\t<\/div>\n\t\t<div class=\"elementor-element elementor-element-f360cff e-con-full e-flex e-con e-child\" data-id=\"f360cff\" data-element_type=\"container\" data-e-type=\"container\">\n\t\t\t\t<div class=\"elementor-element elementor-element-96977c9 elementor-widget elementor-widget-image\" data-id=\"96977c9\" data-element_type=\"widget\" data-e-type=\"widget\" data-widget_type=\"image.default\">\n\t\t\t\t<div class=\"elementor-widget-container\">\n\t\t\t\t\t\t\t\t\t\t\t\t\t\t\t<img decoding=\"async\" width=\"800\" height=\"576\" src=\"https:\/\/insabarcelona.com\/wp-content\/uploads\/EMPRESAS-1024x737-1.jpg\" class=\"attachment-large size-large wp-image-894\" alt=\"\" srcset=\"https:\/\/insabarcelona.com\/wp-content\/uploads\/EMPRESAS-1024x737-1.jpg 1024w, https:\/\/insabarcelona.com\/wp-content\/uploads\/EMPRESAS-1024x737-1-300x216.jpg 300w, https:\/\/insabarcelona.com\/wp-content\/uploads\/EMPRESAS-1024x737-1-768x553.jpg 768w\" sizes=\"(max-width: 800px) 100vw, 800px\" \/>\t\t\t\t\t\t\t\t\t\t\t\t\t\t\t<\/div>\n\t\t\t\t<\/div>\n\t\t\t\t<\/div>\n\t\t\t\t\t<\/div>\n\t\t\t\t<\/div>\n\t\t<div class=\"elementor-element elementor-element-c5ad188 e-flex e-con-boxed e-con e-parent\" data-id=\"c5ad188\" data-element_type=\"container\" data-e-type=\"container\">\n\t\t\t\t\t<div class=\"e-con-inner\">\n\t\t<div class=\"elementor-element elementor-element-b2d958a e-con-full e-flex e-con e-child\" data-id=\"b2d958a\" data-element_type=\"container\" data-e-type=\"container\">\n\t\t\t\t<div class=\"elementor-element elementor-element-5688567 elementor-widget elementor-widget-text-editor\" data-id=\"5688567\" data-element_type=\"widget\" data-e-type=\"widget\" data-widget_type=\"text-editor.default\">\n\t\t\t\t<div class=\"elementor-widget-container\">\n\t\t\t\t\t\t\t\t\t<p><strong>Els nostres Programes Formatius. <\/strong> Les empreses que valoren i fan cr\u00e9ixer el seu capital hum\u00e0, inverteixen en formaci\u00f3 per als seus treballadors. INSA disposa d&#8217;una \u00e0mplia oferta de programes formatius en diferents \u00e0rees i ofereix preus especials per a empreses que desitgin formar a diversos dels seus treballadors en algun d&#8217;ells. A m\u00e9s existeix la possibilitat de subvencionar aquesta formaci\u00f3 a trav\u00e9s de la Fundaci\u00f3 Tripartita. Si est\u00e0s interessat en els nostres programes formatius no dubtis a posar-te en contacte amb nosaltres a trav\u00e9s <strong><a href=\"mailto:info@insabarcelona.com\">d&#8217;info@insabarcelona.com<\/a><\/strong>.<\/p>\n\t\t\t\t\t\t\t\t<\/div>\n\t\t\t\t<\/div>\n\t\t\t\t<\/div>\n\t\t<div class=\"elementor-element elementor-element-cd55257 e-con-full e-flex e-con e-child\" data-id=\"cd55257\" data-element_type=\"container\" data-e-type=\"container\">\n\t\t\t\t<div class=\"elementor-element elementor-element-93efb66 elementor-widget elementor-widget-text-editor\" data-id=\"93efb66\" data-element_type=\"widget\" data-e-type=\"widget\" data-widget_type=\"text-editor.default\">\n\t\t\t\t<div class=\"elementor-widget-container\">\n\t\t\t\t\t\t\t\t\t<p><strong>Formaci\u00f3n in Company<\/strong>. En INSA apostem per una formaci\u00f3 que de resposta directa a les necessitats de les empreses, una formaci\u00f3 pr\u00e0ctica i actualitzada segons les circumst\u00e0ncies del mercat i les pr\u00f2pies circumst\u00e0ncies de l&#8217;empresa o instituci\u00f3. El capital hum\u00e0 com a principal actiu d&#8217;una empresa ha de valorar-se, desenvolupar-se, formar-se i actualitzar-se. Per a aix\u00f2 INSA ofereix una formaci\u00f3 espec\u00edfica per a cada tipus d&#8217;empreses segons les seves necessitats, tant en contingut com en durada. La formaci\u00f3 en si mateixa ha de tenir un objectiu institucional, cobrir unes necessitats existents i alhora proporcionar elements de millora tant personals com institucionals que permet a les empreses ser m\u00e9s eficaces i competents.&nbsp;<span style=\"text-align: var(--text-align);\">Per accedir a la nostra Borsa de Treball i Pr\u00e0ctiques si ets alumne o empresa contacta amb nosaltres a trav\u00e9s del seg\u00fcent formulari:<\/span><\/p>\t\t\t\t\t\t\t\t<\/div>\n\t\t\t\t<\/div>\n\t\t\t\t<\/div>\n\t\t\t\t\t<\/div>\n\t\t\t\t<\/div>\n\t\t<div class=\"elementor-element elementor-element-f1cdd74 e-flex e-con-boxed e-con e-parent\" data-id=\"f1cdd74\" data-element_type=\"container\" data-e-type=\"container\">\n\t\t\t\t\t<div class=\"e-con-inner\">\n\t\t\t\t<div class=\"elementor-element elementor-element-862737c elementor-widget elementor-widget-html\" data-id=\"862737c\" data-element_type=\"widget\" data-e-type=\"widget\" data-widget_type=\"html.default\">\n\t\t\t\t<div class=\"elementor-widget-container\">\n\t\t\t\t\t<div>\n<div class=\"wpcf7 no-js\" id=\"wpcf7-f70667-o1\" lang=\"es-ES\" dir=\"ltr\" data-wpcf7-id=\"70667\">\n<div class=\"screen-reader-response\"><p role=\"status\" aria-live=\"polite\" aria-atomic=\"true\"><\/p> <ul><\/ul><\/div>\n<form action=\"\/ca\/wp-json\/wp\/v2\/pages\/68618#wpcf7-f70667-o1\" method=\"post\" class=\"wpcf7-form init\" aria-label=\"Formulario de contacto\" novalidate=\"novalidate\" data-status=\"init\">\n<fieldset class=\"hidden-fields-container\"><input type=\"hidden\" name=\"_wpcf7\" value=\"70667\" \/><input type=\"hidden\" name=\"_wpcf7_version\" value=\"6.1.5\" \/><input type=\"hidden\" name=\"_wpcf7_locale\" value=\"es_ES\" \/><input type=\"hidden\" name=\"_wpcf7_unit_tag\" value=\"wpcf7-f70667-o1\" \/><input type=\"hidden\" name=\"_wpcf7_container_post\" value=\"0\" \/><input type=\"hidden\" name=\"_wpcf7_posted_data_hash\" value=\"\" \/><input type=\"hidden\" name=\"_wpcf7_recaptcha_response\" value=\"\" \/>\n<\/fieldset>\n<div id=\"responsive-form\" class=\"clearfix\">\n\t<div class=\"column-half\">\n\t\t<p><span class=\"wpcf7-form-control-wrap\" data-name=\"nombre\"><input size=\"40\" maxlength=\"400\" class=\"wpcf7-form-control wpcf7-text wpcf7-validates-as-required et-input\" aria-required=\"true\" aria-invalid=\"false\" placeholder=\"Nom *\" value=\"\" type=\"text\" name=\"nombre\" \/><\/span>\n\t\t<\/p>\n\t<\/div>\n\t<div class=\"column-half\">\n\t\t<p><span class=\"wpcf7-form-control-wrap\" data-name=\"apellidos\"><input size=\"40\" maxlength=\"400\" class=\"wpcf7-form-control wpcf7-text wpcf7-validates-as-required et-input\" aria-required=\"true\" aria-invalid=\"false\" placeholder=\"Cognoms *\" value=\"\" type=\"text\" name=\"apellidos\" \/><\/span>\n\t\t<\/p>\n\t<\/div>\n\t<div class=\"column-half\">\n\t\t<p><span class=\"wpcf7-form-control-wrap\" data-name=\"phone\"><input size=\"40\" maxlength=\"400\" class=\"wpcf7-form-control wpcf7-tel wpcf7-validates-as-required wpcf7-text wpcf7-validates-as-tel et-input\" aria-required=\"true\" aria-invalid=\"false\" placeholder=\"Tel\u00e8fon *\" value=\"\" type=\"tel\" name=\"phone\" \/><\/span>\n\t\t<\/p>\n\t<\/div>\n\t<div class=\"column-half\">\n\t\t<p><span class=\"wpcf7-form-control-wrap\" data-name=\"email\"><input size=\"40\" maxlength=\"400\" class=\"wpcf7-form-control wpcf7-email wpcf7-validates-as-required wpcf7-text wpcf7-validates-as-email et-input\" aria-required=\"true\" aria-invalid=\"false\" placeholder=\"Correo electr\u00f2nic *\" value=\"\" type=\"email\" name=\"email\" \/><\/span>\n\t\t<\/p>\n\t<\/div>\n\t<div class=\"column-full\">\n\t\t<p><span class=\"wpcf7-form-control-wrap\" data-name=\"asunto\"><input size=\"40\" maxlength=\"400\" class=\"wpcf7-form-control wpcf7-text wpcf7-validates-as-required et-input\" aria-required=\"true\" aria-invalid=\"false\" placeholder=\"Assumpte *\" value=\"\" type=\"text\" name=\"asunto\" \/><\/span>\n\t\t<\/p>\n\t<\/div>\n\t<div class=\"column-full\">\n\t\t<p><span class=\"wpcf7-form-control-wrap\" data-name=\"comentarios\"><textarea cols=\"40\" rows=\"10\" maxlength=\"2000\" class=\"wpcf7-form-control wpcf7-textarea\" aria-invalid=\"false\" placeholder=\"Comentaris\" name=\"comentarios\"><\/textarea><\/span>\n\t\t<\/p>\n\t<\/div>\n\t<div class=\"column-full\">\n\t\t<p><span class=\"wpcf7-form-control-wrap\" data-name=\"acceptance-834\"><span class=\"wpcf7-form-control wpcf7-acceptance\"><span class=\"wpcf7-list-item\"><label><input type=\"checkbox\" name=\"acceptance-834\" value=\"1\" aria-invalid=\"false\" \/><span class=\"wpcf7-list-item-label\">Acepto les <a href=\"\/ca\/avis-legal\/\">condicions legals *<\/a><\/span><\/label><\/span><\/span><\/span>\n\t\t<\/p>\n\t<\/div>\n\t<div class=\"column-full\">\n\t\t<p><input class=\"wpcf7-form-control wpcf7-submit has-spinner\" type=\"submit\" value=\"Enviar\" \/>\n\t\t<\/p>\n\t<\/div>\n<\/div><div class=\"wpcf7-response-output\" aria-hidden=\"true\"><\/div>\n<\/form>\n<\/div>\n<\/div>\t\t\t\t<\/div>\n\t\t\t\t<\/div>\n\t\t\t\t\t<\/div>\n\t\t\t\t<\/div>\n\t\t\t\t<\/div>\n\t\t","protected":false},"excerpt":{"rendered":"<p>EMPRESES A INSA destaquem per dotar els nostres programes formatius d\u2019una perspectiva actual i un enfocament cap al m\u00f3n laboral a trav\u00e9s d\u2019un pla d\u2019estudis molt pr\u00e0ctic i real i amb PROFESSIONALS que formen PROFESSIONALS. L\u2019estreta relaci\u00f3 que mantenim amb el m\u00f3n empresarial per al disseny i desenvolupament de programes formatius es trasllada tamb\u00e9 a [&hellip;]<\/p>\n","protected":false},"author":1,"featured_media":0,"parent":0,"menu_order":0,"comment_status":"closed","ping_status":"closed","template":"","meta":{"_acf_changed":false,"footnotes":""},"class_list":["post-68618","page","type-page","status-publish","hentry"],"acf":[],"_links":{"self":[{"href":"https:\/\/insabarcelona.com\/ca\/wp-json\/wp\/v2\/pages\/68618","targetHints":{"allow":["GET"]}}],"collection":[{"href":"https:\/\/insabarcelona.com\/ca\/wp-json\/wp\/v2\/pages"}],"about":[{"href":"https:\/\/insabarcelona.com\/ca\/wp-json\/wp\/v2\/types\/page"}],"author":[{"embeddable":true,"href":"https:\/\/insabarcelona.com\/ca\/wp-json\/wp\/v2\/users\/1"}],"replies":[{"embeddable":true,"href":"https:\/\/insabarcelona.com\/ca\/wp-json\/wp\/v2\/comments?post=68618"}],"version-history":[{"count":1,"href":"https:\/\/insabarcelona.com\/ca\/wp-json\/wp\/v2\/pages\/68618\/revisions"}],"predecessor-version":[{"id":98288,"href":"https:\/\/insabarcelona.com\/ca\/wp-json\/wp\/v2\/pages\/68618\/revisions\/98288"}],"wp:attachment":[{"href":"https:\/\/insabarcelona.com\/ca\/wp-json\/wp\/v2\/media?parent=68618"}],"curies":[{"name":"wp","href":"https:\/\/api.w.org\/{rel}","templated":true}]}}