{"id":70375,"date":"2024-06-18T15:32:23","date_gmt":"2024-06-18T13:32:23","guid":{"rendered":"https:\/\/insabarcelona.com\/?page_id=70375"},"modified":"2026-02-26T10:02:04","modified_gmt":"2026-02-26T09:02:04","slug":"aviso-legal","status":"publish","type":"page","link":"https:\/\/insabarcelona.com\/ca\/aviso-legal\/","title":{"rendered":"Aviso Legal"},"content":{"rendered":"<p>INSA Business, Marketing &amp; Communication School en Espa\u00f1a (en adelante\u00a0<strong>INSA<\/strong>), con CIF B58714593 ubicada en Barcelona (Espa\u00f1a), como centro de formaci\u00f3n y de educaci\u00f3n superior, expone en esta secci\u00f3n la Pol\u00edtica de Privacidad corporativa, sobre la informaci\u00f3n de car\u00e1cter personal que el usuario puede facilitar en cualquiera de los canales de INSA. Esta Pol\u00edtica de Privacidad podr\u00eda variar en funci\u00f3n de exigencias legislativas o de autorregulaci\u00f3n, por lo que se aconseja a los usuarios que la visiten peri\u00f3dicamente.<\/p>\n<p><strong>Pol\u00edtica de privacidad<\/strong><\/p>\n<p>La Pol\u00edtica de Privacidad de\u00a0<strong>INSA\u00a0<\/strong>est\u00e1 presidida por el cumplimiento de la legislaci\u00f3n vigente en materia de protecci\u00f3n de datos de car\u00e1cter personal:<\/p>\n<p>REGLAMENTO (UE) 2016\/679 DEL PARLAMENTO EUROPEO Y DEL CONSEJO de 27 de abril de 2016 (en adelante, RGPD),<br \/>\nLey 34\/2002, de 11 de julio, de Servicios de la Sociedad de la Informaci\u00f3n y Comercio Electr\u00f3nico (LSSI-CE),<br \/>\nLey Org\u00e1nica 3\/2018, de Protecci\u00f3n de Datos Personales y garant\u00eda de los derechos digitales (LOPDGDD).<\/p>\n<p>En INSA tenemos el compromiso de velar por la privacidad de los datos personales obtenidos a trav\u00e9s de nuestro portal corporativo y p\u00e1ginas web colaboradoras, garantizando y protegiendo los datos de los usuarios de la misma forma de la informaci\u00f3n obtenida por cualquier otro medio propiedad del grupo. Esta pol\u00edtica, atendiendo al principio de responsabilidad activa, ser\u00e1 aplicable en caso de que los usuarios decidan rellenar alg\u00fan formulario de cualquiera de los cursos y\/o websites donde se recaben datos de car\u00e1cter personal, sin prejuicio de los indicado en la \u00abCl\u00e1usula de Privacidad\u00bb aplicable a cada formulario concreto.<\/p>\n<p><strong>\u00bfQui\u00e9n es RESPONSABLE del tratamiento de los datos?<\/strong><\/p>\n<ul>\n<li>INSA Business, Marketing &amp; Communication School (INSA)<\/li>\n<li>Direcci\u00f3n Sede Central: Carrer Torrent de l\u2019Olla 208 de Barcelona<\/li>\n<li>Tel\u00e9fono: 93 2806696<\/li>\n<li>Contacto Delegado de Protecci\u00f3n de datos (DPO):\u00a0<a href=\"mailto:dpo@insabarcelona.com\">dpo@insabarcelona.com<\/a><\/li>\n<\/ul>\n<p>&nbsp;<\/p>\n<p><strong>\u00bfCon qu\u00e9 FINALIDAD tratamos sus datos?<\/strong><\/p>\n<p>Los datos personales tratados ser\u00e1n aquellos facilitados por el usuario a trav\u00e9s de los diferentes formularios online o durante el proceso de inscripci\u00f3n de alguno de nuestros programas formativos para las finalidades que se recogen a continuaci\u00f3n:<\/p>\n<ol>\n<li>Gestionar las suscripciones y solicitudes que el usuario realice a trav\u00e9s de la p\u00e1gina web de INSA y otros canales de captaci\u00f3n.<\/li>\n<li>Tramitar procesos de admisi\u00f3n y matr\u00edcula en programas formativos.<\/li>\n<li>Gestionar la relaci\u00f3n acad\u00e9mica y administrativa con estudiantes y participantes.<\/li>\n<li>Garantizar al usuario registrado el acceso y uso de su \u00e1rea de usuario en las p\u00e1ginas web correspondientes.<\/li>\n<li>Realizar encuestas de satisfacci\u00f3n o evaluaci\u00f3n vinculadas a la actividad formativa.<\/li>\n<li>El env\u00edo de newsletters peri\u00f3dicas para informar sobre contenidos, noticias, novedades y ofertas de inter\u00e9s para el usuario, por cualquier canal incluido los electr\u00f3nicos, enumerando de forma enunciativa y no limitativa los siguientes: correo electr\u00f3nico, env\u00edo de mensajes SMS y\/o MMS, servicios de mensajer\u00eda multiplataforma, chat o cualquier tipo de comunicaci\u00f3n an\u00e1loga.<\/li>\n<li>Remitir ofertas e informaci\u00f3n publicitaria sobre productos y servicios tanto propios como de terceras empresas colaboradoras de INSA.<\/li>\n<li>Realizar encuestas de opini\u00f3n entre los usuarios registrados que accedan a ello.<\/li>\n<li>Gestionar la participaci\u00f3n del interesado en jornadas informativas, sesiones formativas o webinars organizados por INSA o en colaboraci\u00f3n con entidades acad\u00e9micas o empresariales vinculadas a su actividad formativa, cuando el interesado haya prestado su consentimiento.<\/li>\n<\/ol>\n<p><strong>\u00bfCu\u00e1l es el plazo de conservaci\u00f3n de los datos?<\/strong><\/p>\n<p>En cumplimiento del principio de limitaci\u00f3n del plazo de conservaci\u00f3n, los datos recabados por INSA son tratados s\u00f3lo durante el tiempo necesario y para las finalidades concretas para las que se hayan recogido. Por todo lo anterior y en t\u00e9rminos gen\u00e9ricos, INSA conservar\u00e1 sus datos mientras dure la relaci\u00f3n (en el caso de suscripci\u00f3n o participaci\u00f3n en alguno de nuestros programas) y con posterioridad, s\u00f3lo al efecto de cumplir las obligaciones legales y las responsabilidades derivadas de dichos tratamientos en funci\u00f3n de la normativa aplicable. Finalizados dichos plazos de prescripci\u00f3n, sus datos ser\u00e1n eliminados. Por otra parte, respecto al tratamiento de tus datos con fines promocionales, o de env\u00edo de informaci\u00f3n o newsletters, conservaremos los datos hasta no recibir oposici\u00f3n en contra.<\/p>\n<p><strong>Origen de los datos<\/strong><\/p>\n<p>Los datos tratados en INSA han sido facilitados por el propio interesado. En caso de que Ud. decida suscribirse a alguno de los canales informativos de INSA o registrarse en cualquiera de sus Webs Partners, se le solicitar\u00e1n una serie de datos personales imprescindibles con la finalidad de gestionar los productos o servicios solicitados (nombre, apellidos, email, direcci\u00f3n postal, etc.). Igualmente, se le podr\u00e1 requerir que aporte voluntariamente una serie de datos complementarios destinados a labores de informaci\u00f3n, servicios, o actividades relacionadas con los mismos y limitadas a las actividades y servicios que presta INSA.<\/p>\n<p><strong>\u00bfCu\u00e1l es la BASE LEGAL del tratamiento de los datos?<\/strong><\/p>\n<p data-start=\"337\" data-end=\"734\">La base legal para el tratamiento de los datos personales depender\u00e1 de la finalidad concreta para la que hayan sido recabados. Con car\u00e1cter general, el tratamiento se fundamentar\u00e1 en el consentimiento del interesado (art. 6.1.a RGPD) cuando resulte necesario para el env\u00edo de comunicaciones informativas, la participaci\u00f3n en jornadas, webinars u otras actividades voluntarias organizadas por INSA.<\/p>\n<p data-start=\"736\" data-end=\"1064\">Asimismo, el tratamiento podr\u00e1 basarse en la ejecuci\u00f3n de un contrato o en la aplicaci\u00f3n de medidas precontractuales (art. 6.1.b RGPD) cuando los datos sean necesarios para la gesti\u00f3n de solicitudes de informaci\u00f3n, procesos de admisi\u00f3n, matr\u00edcula o para el desarrollo de la relaci\u00f3n acad\u00e9mica y administrativa con el estudiante.<\/p>\n<p data-start=\"1066\" data-end=\"1205\">Determinados tratamientos podr\u00e1n estar igualmente amparados en el cumplimiento de obligaciones legales aplicables a INSA (art. 6.1.c RGPD).<\/p>\n<p data-start=\"1207\" data-end=\"1678\">Adicionalmente, INSA podr\u00e1 tratar determinados datos en base a su inter\u00e9s leg\u00edtimo (art. 6.1.f RGPD), cuando dicho tratamiento resulte necesario para garantizar el correcto funcionamiento de la actividad acad\u00e9mica, la seguridad de los sistemas, la prevenci\u00f3n del fraude o la mejora de los servicios ofrecidos, siempre que dicho inter\u00e9s no prevalezca sobre los derechos y libertades fundamentales del interesado y tras realizar la correspondiente ponderaci\u00f3n de intereses.<\/p>\n<p>El interesado podr\u00e1 retirar su consentimiento en cualquier momento, sin que ello afecte a la licitud del tratamiento basado en el consentimiento previo a su retirada., a trav\u00e9s de la siguiente direcci\u00f3n: <a href=\"mailto:dpo@insabarcelona.com\">dpo@insabarcelona.com<\/a>\u00a0sin que esta oposici\u00f3n condicione, en forma alguna, su relaci\u00f3n con nosotros.<\/p>\n<p><strong>\u00bfQui\u00e9nes son los DESTINATARIOS de los datos?<\/strong><\/p>\n<p>INSA no cede datos personales a terceros, salvo obligaci\u00f3n legal o previo pacto con el usuario.<\/p>\n<p>Podr\u00e1n tener acceso a los datos, en calidad de encargados del tratamiento, proveedores que prestan servicios necesarios para el desarrollo de la actividad acad\u00e9mica y administrativa (servicios tecnol\u00f3gicos, alojamiento web, gesti\u00f3n acad\u00e9mica, comunicaciones electr\u00f3nicas, etc.), siempre bajo contrato y siguiendo las instrucciones de INSA y sin que puedan destinarlos para ninguna otra finalidad.<\/p>\n<p>INSA utiliza proveedores tecnol\u00f3gicos ubicados en la Uni\u00f3n Europea o adheridos al Marco de Privacidad de Datos UE\u2013EE.UU. (EU\u2013US Data Privacy Framework).<\/p>\n<p>Ning\u00fan tercero podr\u00e1 acceder en ning\u00fan caso directamente a sus datos personales sin su consentimiento expreso para cada ocasi\u00f3n.<\/p>\n<p><strong>\u00bfCu\u00e1les son sus DERECHOS?<\/strong><\/p>\n<p>A continuaci\u00f3n, identificamos sus derechos referentes a los datos personales: acceso, rectificaci\u00f3n, supresi\u00f3n, limitaci\u00f3n del tratamiento, oposici\u00f3n y portabilidad.<\/p>\n<p><strong>\u00bfC\u00f3mo puede ejercitar cualquiera de los anteriores derechos que le asisten?<\/strong><\/p>\n<p>Los usuarios tienen reconocidos y podr\u00e1n ejercer sus derechos mediante comunicaci\u00f3n escrita dirigida a INSA en Carrer Torrent de l\u2019Olla 208 de Barcelona, identific\u00e1ndose y concretando su solicitud, y aportando fotocopia del DNI o documento equivalente. Igualmente pueden enviar un correo electr\u00f3nico a la direcci\u00f3n\u00a0<a href=\"mailto:dpo@insabarcelona.com\">dpo@insabarcelona.com<\/a>\u00a0junto con la documentaci\u00f3n mencionada anteriormente. Asimismo, le informamos de que tiene derecho a presentar una reclamaci\u00f3n ante la autoridad de control competente (Agencia Espa\u00f1ola de Protecci\u00f3n de Datos), si considera que se ha producido alg\u00fan tipo de vulneraci\u00f3n en relaci\u00f3n con el tratamiento de sus datos personales.<strong><br \/>\n<\/strong><\/p>\n<p><strong>Su colaboraci\u00f3n es importante<\/strong><\/p>\n<p>En INSA procuramos controlar continuamente, dentro de nuestras posibilidades, el uso correcto de los datos personales de los que somos responsables, tanto por nuestra parte como por parte de nuestros proveedores. Por tal motivo le solicitamos que, en caso de que tenga conocimiento o sospecha sobre que nosotros mismos o nuestros proveedores antes indicados, estamos haciendo un uso indebido de tu informaci\u00f3n personal, nos lo notifique sin dilaci\u00f3n para poder adoptar las acciones pertinentes que proceda llevar a cabo. Consideramos que todos los datos facilitados son ciertos y ver\u00eddicos, y el interesado queda informado de la obligaci\u00f3n de comunicar a INSA cualquier modificaci\u00f3n de los mismos que pudiera producirse para mantener tus datos permanentemente actualizados, v\u00eda correo electr\u00f3nico en la siguiente direcci\u00f3n: <a href=\"mailto:dpo@insabarcelona.com\">dpo@insabarcelona.com<\/a>.<strong><br \/>\n<\/strong><\/p>\n<p><strong>Medidas de seguridad de los datos<\/strong><\/p>\n<p>INSA se compromete a la adopci\u00f3n de las medidas t\u00e9cnicas y organizativas necesarias para garantizar la seguridad de los datos personales y evitar su alteraci\u00f3n, p\u00e9rdida, tratamiento o acceso no autorizado, conforme a lo establecido en el RGPD y la LOPDGDD.<\/p>\n<p><strong>Uso de cookies<\/strong><\/p>\n<p>Una cookie es un peque\u00f1o archivo de texto que se descarga en el navegador del ordenador, tel\u00e9fono m\u00f3vil, tablet o cualquier otro dispositivo de acceso a internet cuando se visita una web.<br \/>\nLa Web de INSA utilizan cookies propias y de terceros con finalidades t\u00e9cnicas, anal\u00edticas y publicitarias.<br \/>\nEl usuario puede aceptar, rechazar o configurar el uso de cookies a trav\u00e9s del banner de consentimiento habilitado al acceder al sitio web.<br \/>\nLas cookies anal\u00edticas y publicitarias \u00fanicamente se activar\u00e1n tras la obtenci\u00f3n del consentimiento del usuario.<br \/>\nPara m\u00e1s informaci\u00f3n, consulte la Pol\u00edtica de Cookies correspondiente.<\/p>\n<p><strong>Menores de edad<\/strong><\/p>\n<p>En relaci\u00f3n con los datos personales de menores de 14 a\u00f1os ser\u00e1 imprescindible la firma de los padres o tutores otorgando el consentimiento para el tratamiento de los datos personales del menor. INSA nunca utilizar\u00e1 estos datos para fines no adecuados a la edad del menor, y facilitar\u00e1n a los padres o tutores la posibilidad de que puedan ejercer los derechos de acceso, cancelaci\u00f3n, rectificaci\u00f3n y oposici\u00f3n de los datos de sus hijos o tutelados.<\/p>\n<p><strong>Normas de uso del portal<\/strong><\/p>\n<p>Se entender\u00e1 como usuario a la persona que accede y utiliza este sitio web. El acceso y uso del mismo implica la aceptaci\u00f3n de las presentes condiciones.<\/p>\n<p>&#8211; Condiciones generales<\/p>\n<p>El usuario se compromete a utilizar el sitio web conforme a la legislaci\u00f3n vigente, la buena fe, el orden p\u00fablico y las presentes condiciones.<br \/>\nQueda prohibida la publicaci\u00f3n o difusi\u00f3n de contenidos que:<\/p>\n<ul>\n<li>Atenten contra el orden p\u00fablico o la seguridad.<\/li>\n<li>Vulnere la dignidad de las personas o el principio de no discriminaci\u00f3n.<\/li>\n<li>Perjudiquen la protecci\u00f3n de la juventud o la infancia.<\/li>\n<li>Infrinjan derechos de propiedad intelectual o industrial.<\/li>\n<li>Sean contrarios a la legalidad vigente.<\/li>\n<\/ul>\n<p>&nbsp;<\/p>\n<p>&#8211; Condiciones particulares<\/p>\n<p>En caso de registro o acceso a \u00e1reas restringidas, el usuario ser\u00e1 responsable de facilitar informaci\u00f3n veraz y de custodiar adecuadamente sus credenciales de acceso.<\/p>\n<p>El usuario se compromete a no:<\/p>\n<ul>\n<li>Provocar da\u00f1os en los sistemas f\u00edsicos o l\u00f3gicos de INSA o de terceros.<\/li>\n<li>Introducir virus inform\u00e1ticos o software malicioso.<\/li>\n<li>Acceder sin autorizaci\u00f3n a cuentas o sistemas restringidos.<\/li>\n<li>Manipular datos o contenidos del portal.<\/li>\n<\/ul>\n<p>INSA se reserva el derecho de retirar aquellos contenidos que resulten contrarios a la legalidad, al respeto a la dignidad humana o a las presentes condiciones.<\/p>\n<p>INSA no ser\u00e1 responsable de las opiniones vertidas por los usuarios en espacios de participaci\u00f3n, cuando existan.<\/p>\n","protected":false},"excerpt":{"rendered":"<p>INSA Business, Marketing &amp; Communication School en Espa\u00f1a (en adelante\u00a0INSA), con CIF B58714593 ubicada en Barcelona (Espa\u00f1a), como centro de formaci\u00f3n y de educaci\u00f3n superior, expone en esta secci\u00f3n la Pol\u00edtica de Privacidad corporativa, sobre la informaci\u00f3n de car\u00e1cter personal que el usuario puede facilitar en cualquiera de los canales de INSA. Esta Pol\u00edtica de [&hellip;]<\/p>\n","protected":false},"author":1,"featured_media":0,"parent":0,"menu_order":0,"comment_status":"closed","ping_status":"closed","template":"","meta":{"_acf_changed":false,"footnotes":""},"class_list":["post-70375","page","type-page","status-publish","hentry"],"acf":[],"_links":{"self":[{"href":"https:\/\/insabarcelona.com\/ca\/wp-json\/wp\/v2\/pages\/70375","targetHints":{"allow":["GET"]}}],"collection":[{"href":"https:\/\/insabarcelona.com\/ca\/wp-json\/wp\/v2\/pages"}],"about":[{"href":"https:\/\/insabarcelona.com\/ca\/wp-json\/wp\/v2\/types\/page"}],"author":[{"embeddable":true,"href":"https:\/\/insabarcelona.com\/ca\/wp-json\/wp\/v2\/users\/1"}],"replies":[{"embeddable":true,"href":"https:\/\/insabarcelona.com\/ca\/wp-json\/wp\/v2\/comments?post=70375"}],"version-history":[{"count":7,"href":"https:\/\/insabarcelona.com\/ca\/wp-json\/wp\/v2\/pages\/70375\/revisions"}],"predecessor-version":[{"id":100391,"href":"https:\/\/insabarcelona.com\/ca\/wp-json\/wp\/v2\/pages\/70375\/revisions\/100391"}],"wp:attachment":[{"href":"https:\/\/insabarcelona.com\/ca\/wp-json\/wp\/v2\/media?parent=70375"}],"curies":[{"name":"wp","href":"https:\/\/api.w.org\/{rel}","templated":true}]}}