{"id":70966,"date":"2024-08-01T08:49:38","date_gmt":"2024-08-01T06:49:38","guid":{"rendered":"https:\/\/insabarcelona.com\/ok\/"},"modified":"2024-08-01T08:49:38","modified_gmt":"2024-08-01T06:49:38","slug":"ok","status":"publish","type":"page","link":"https:\/\/insabarcelona.com\/en\/ok\/","title":{"rendered":"ok"},"content":{"rendered":"\t\t<div data-elementor-type=\"wp-page\" data-elementor-id=\"70966\" class=\"elementor elementor-70966 elementor-70945\" data-elementor-post-type=\"page\">\n\t\t\t\t<div class=\"elementor-element elementor-element-3ed56f3 e-flex e-con-boxed e-con e-parent\" data-id=\"3ed56f3\" data-element_type=\"container\" data-e-type=\"container\">\n\t\t\t\t\t<div class=\"e-con-inner\">\n\t\t\t\t<div class=\"elementor-element elementor-element-d786a86 elementor-widget elementor-widget-heading\" data-id=\"d786a86\" data-element_type=\"widget\" data-e-type=\"widget\" data-widget_type=\"heading.default\">\n\t\t\t\t<div class=\"elementor-widget-container\">\n\t\t\t\t\t<h2 class=\"elementor-heading-title elementor-size-default\">Confirmaci\u00f3n Pago de Matr\u00edcula<\/h2>\t\t\t\t<\/div>\n\t\t\t\t<\/div>\n\t\t\t\t<div class=\"elementor-element elementor-element-79e3a87 elementor-widget elementor-widget-text-editor\" data-id=\"79e3a87\" data-element_type=\"widget\" data-e-type=\"widget\" data-widget_type=\"text-editor.default\">\n\t\t\t\t<div class=\"elementor-widget-container\">\n\t\t\t\t\t\t\t\t\t<p>Hemos recibido correctamente el pago de la matr\u00edcula.<\/p><p>Pronto nos pondremos en contacto con usted con m\u00e1s detalles.<\/p><p>Gracias por su confianza.<\/p><p>Atentamente,<\/p><p>INSA Barcelona,<br \/><a href=\"mailto:info@insabarcelona.com\">info@insabarcelona.com<\/a><br \/><a href=\"tel:+34932806696\"><span class=\"elementor-icon-list-text\">932806696<\/span><\/a><\/p>\t\t\t\t\t\t\t\t<\/div>\n\t\t\t\t<\/div>\n\t\t\t\t\t<\/div>\n\t\t\t\t<\/div>\n\t\t\t\t<\/div>\n\t\t","protected":false},"excerpt":{"rendered":"<p>Confirmaci\u00f3n Pago de Matr\u00edcula Hemos recibido correctamente el pago de la matr\u00edcula. Pronto nos pondremos en contacto con usted con m\u00e1s detalles. Gracias por su confianza. Atentamente, INSA Barcelona,info@insabarcelona.com932806696<\/p>\n","protected":false},"author":1,"featured_media":0,"parent":0,"menu_order":0,"comment_status":"closed","ping_status":"closed","template":"","meta":{"_acf_changed":false,"footnotes":""},"class_list":["post-70966","page","type-page","status-publish","hentry"],"acf":[],"_links":{"self":[{"href":"https:\/\/insabarcelona.com\/en\/wp-json\/wp\/v2\/pages\/70966","targetHints":{"allow":["GET"]}}],"collection":[{"href":"https:\/\/insabarcelona.com\/en\/wp-json\/wp\/v2\/pages"}],"about":[{"href":"https:\/\/insabarcelona.com\/en\/wp-json\/wp\/v2\/types\/page"}],"author":[{"embeddable":true,"href":"https:\/\/insabarcelona.com\/en\/wp-json\/wp\/v2\/users\/1"}],"replies":[{"embeddable":true,"href":"https:\/\/insabarcelona.com\/en\/wp-json\/wp\/v2\/comments?post=70966"}],"version-history":[{"count":0,"href":"https:\/\/insabarcelona.com\/en\/wp-json\/wp\/v2\/pages\/70966\/revisions"}],"wp:attachment":[{"href":"https:\/\/insabarcelona.com\/en\/wp-json\/wp\/v2\/media?parent=70966"}],"curies":[{"name":"wp","href":"https:\/\/api.w.org\/{rel}","templated":true}]}}